{"id":3178,"date":"2021-10-26T11:38:34","date_gmt":"2021-10-26T09:38:34","guid":{"rendered":"http:\/\/www.renzi.it\/qualitaet-und-umwelt\/"},"modified":"2021-10-26T11:38:35","modified_gmt":"2021-10-26T09:38:35","slug":"qualitaet-und-umwelt","status":"publish","type":"page","link":"https:\/\/www.renzi.it\/de\/qualitaet-und-umwelt\/","title":{"rendered":"Qualit\u00e4t und umwelt"},"content":{"rendered":"\t\t<div data-elementor-type=\"wp-page\" data-elementor-id=\"3178\" class=\"elementor elementor-3178\">\n\t\t\t\t\t\t<section class=\"elementor-section elementor-top-section elementor-element elementor-element-14f9d67 elementor-section-full_width elementor-section-stretched elementor-section-height-default elementor-section-height-default\" data-id=\"14f9d67\" data-element_type=\"section\" data-e-type=\"section\" data-settings=\"{&quot;stretch_section&quot;:&quot;section-stretched&quot;}\">\n\t\t\t\t\t\t<div class=\"elementor-container elementor-column-gap-no\">\n\t\t\t\t\t<div class=\"elementor-column elementor-col-100 elementor-top-column elementor-element elementor-element-e212109 ov-rel\" data-id=\"e212109\" data-element_type=\"column\" data-e-type=\"column\">\n\t\t\t<div class=\"elementor-widget-wrap elementor-element-populated\">\n\t\t\t\t\t\t<div class=\"elementor-element elementor-element-40fd336 overlay elementor-widget elementor-widget-image\" data-id=\"40fd336\" data-element_type=\"widget\" data-e-type=\"widget\" data-widget_type=\"image.default\">\n\t\t\t\t<div class=\"elementor-widget-container\">\n\t\t\t\t\t\t\t\t\t\t\t\t\t\t\t<img fetchpriority=\"high\" decoding=\"async\" width=\"1920\" height=\"500\" src=\"https:\/\/www.renzi.it\/wp-content\/uploads\/2021\/07\/qualita-ambiente-banner.jpg\" class=\"attachment-full size-full wp-image-1259\" alt=\"\" srcset=\"https:\/\/www.renzi.it\/wp-content\/uploads\/2021\/07\/qualita-ambiente-banner.jpg 1920w, https:\/\/www.renzi.it\/wp-content\/uploads\/2021\/07\/qualita-ambiente-banner-300x78.jpg 300w, https:\/\/www.renzi.it\/wp-content\/uploads\/2021\/07\/qualita-ambiente-banner-1024x267.jpg 1024w, https:\/\/www.renzi.it\/wp-content\/uploads\/2021\/07\/qualita-ambiente-banner-768x200.jpg 768w, https:\/\/www.renzi.it\/wp-content\/uploads\/2021\/07\/qualita-ambiente-banner-1536x400.jpg 1536w\" sizes=\"(max-width: 1920px) 100vw, 1920px\" \/>\t\t\t\t\t\t\t\t\t\t\t\t\t\t\t<\/div>\n\t\t\t\t<\/div>\n\t\t\t\t\t<\/div>\n\t\t<\/div>\n\t\t\t\t\t<\/div>\n\t\t<\/section>\n\t\t\t\t<section class=\"elementor-section elementor-top-section elementor-element elementor-element-ca15970 elementor-section-boxed elementor-section-height-default elementor-section-height-default\" data-id=\"ca15970\" data-element_type=\"section\" data-e-type=\"section\">\n\t\t\t\t\t\t<div class=\"elementor-container elementor-column-gap-default\">\n\t\t\t\t\t<div class=\"elementor-column elementor-col-100 elementor-top-column elementor-element elementor-element-10715ad\" data-id=\"10715ad\" data-element_type=\"column\" data-e-type=\"column\">\n\t\t\t<div class=\"elementor-widget-wrap elementor-element-populated\">\n\t\t\t\t\t\t<div class=\"elementor-element elementor-element-4391c13 elementor-position-inline-start profilo elementor-view-default elementor-mobile-position-block-start elementor-widget elementor-widget-icon-box\" data-id=\"4391c13\" data-element_type=\"widget\" data-e-type=\"widget\" data-widget_type=\"icon-box.default\">\n\t\t\t\t<div class=\"elementor-widget-container\">\n\t\t\t\t\t\t\t<div class=\"elementor-icon-box-wrapper\">\n\n\t\t\t\t\t\t<div class=\"elementor-icon-box-icon\">\n\t\t\t\t<span  class=\"elementor-icon\">\n\t\t\t\t<svg xmlns=\"http:\/\/www.w3.org\/2000\/svg\" xmlns:xlink=\"http:\/\/www.w3.org\/1999\/xlink\" id=\"Livello_1\" x=\"0px\" y=\"0px\" viewBox=\"0 0 100 86\" style=\"enable-background:new 0 0 100 86;\" xml:space=\"preserve\"><style type=\"text\/css\">\t.st0{fill:#DB2E2B;}<\/style><g>\t<path id=\"Tracciato_51\" class=\"st0\" d=\"M45.9,1.2h-7.1l28,28l-28,28h7.1l28-28L45.9,1.2z\"><\/path>\t<path id=\"Tracciato_52\" class=\"st0\" d=\"M71,1.2H64l28,28l-28,28H71l28-28L71,1.2z\"><\/path>\t<path id=\"Tracciato_53\" class=\"st0\" d=\"M86.4,29.1l-28-28h-7.1l28,28l-28,28h7.1L86.4,29.1z\"><\/path>\t<path id=\"Tracciato_54\" class=\"st0\" d=\"M48.6,28.9h-7.1l-28,28l28,28h7.1l-28-28L48.6,28.9z\"><\/path>\t<path id=\"Tracciato_55\" class=\"st0\" d=\"M36,28.9H29l-28,28l28,28H36l-28-28L36,28.9z\"><\/path>\t<path id=\"Tracciato_56\" class=\"st0\" d=\"M61.2,28.9h-7.1l-28,28l28,28h7.1l-28-28L61.2,28.9z\"><\/path><\/g><\/svg>\t\t\t\t<\/span>\n\t\t\t<\/div>\n\t\t\t\n\t\t\t\t\t\t<div class=\"elementor-icon-box-content\">\n\n\t\t\t\t\t\t\t\t\t<h1 class=\"elementor-icon-box-title\">\n\t\t\t\t\t\t<span  >\n\t\t\t\t\t\t\tQualit\u00e4t und umwelt\t\t\t\t\t\t<\/span>\n\t\t\t\t\t<\/h1>\n\t\t\t\t\n\t\t\t\t\n\t\t\t<\/div>\n\t\t\t\n\t\t<\/div>\n\t\t\t\t\t\t<\/div>\n\t\t\t\t<\/div>\n\t\t\t\t\t<\/div>\n\t\t<\/div>\n\t\t\t\t\t<\/div>\n\t\t<\/section>\n\t\t\t\t<section class=\"elementor-section elementor-top-section elementor-element elementor-element-1898d6a elementor-section-boxed elementor-section-height-default elementor-section-height-default\" data-id=\"1898d6a\" data-element_type=\"section\" data-e-type=\"section\">\n\t\t\t\t\t\t<div class=\"elementor-container elementor-column-gap-default\">\n\t\t\t\t\t<div class=\"elementor-column elementor-col-33 elementor-top-column elementor-element elementor-element-3d3b7c5\" data-id=\"3d3b7c5\" data-element_type=\"column\" data-e-type=\"column\">\n\t\t\t<div class=\"elementor-widget-wrap elementor-element-populated\">\n\t\t\t\t\t\t<div class=\"elementor-element elementor-element-fde1cfb elementor-widget elementor-widget-text-editor\" data-id=\"fde1cfb\" data-element_type=\"widget\" data-e-type=\"widget\" data-widget_type=\"text-editor.default\">\n\t\t\t\t<div class=\"elementor-widget-container\">\n\t\t\t\t\t\t\t\t\t<p>Wir glauben daran, dass eine dauernde Verbesserung h\u00f6here Qualit\u00e4t bringt.<\/p>\n\t\t\t\t\t\t\t\t<\/div>\n\t\t\t\t<\/div>\n\t\t\t\t\t<\/div>\n\t\t<\/div>\n\t\t\t\t<div class=\"elementor-column elementor-col-66 elementor-top-column elementor-element elementor-element-14b423a\" data-id=\"14b423a\" data-element_type=\"column\" data-e-type=\"column\">\n\t\t\t<div class=\"elementor-widget-wrap elementor-element-populated\">\n\t\t\t\t\t\t<div class=\"elementor-element elementor-element-becaf6a elementor-widget elementor-widget-text-editor\" data-id=\"becaf6a\" data-element_type=\"widget\" data-e-type=\"widget\" data-widget_type=\"text-editor.default\">\n\t\t\t\t<div class=\"elementor-widget-container\">\n\t\t\t\t\t\t\t\t\t<p>Mit diesem Gesichtspunkt setzen wir uns daf\u00fcr ein, zum Respekt f\u00fcr Umwelt in voller Beachtung der Gesetzvorschriften in Kraft \u00fcber Arbeit, Sicherheit und Schutz gerichtete Bestimmungen anzuwenden.<\/p>\n<p>\u00a0<\/p>\n<p>Diese Firmenpolitiken sind in jeder Branche und in allen Entscheidungs- und Einsatzniveaus verbreitet und gelten f\u00fcr alle Unternehmen der Gruppe. Von Zeit zu Zeit, bei den Untersuchungen des Systems f\u00fcr die Qualit\u00e4tsverwaltung werden diese Politiken zusammen mit den Unternehmenszielen erneut \u00fcberpr\u00fcft und, bei Bedarf, \u00fcberarbeitet.<\/p>\n\t\t\t\t\t\t\t\t<\/div>\n\t\t\t\t<\/div>\n\t\t\t\t\t<\/div>\n\t\t<\/div>\n\t\t\t\t\t<\/div>\n\t\t<\/section>\n\t\t\t\t<section class=\"elementor-section elementor-top-section elementor-element elementor-element-b288c85 elementor-section-boxed elementor-section-height-default elementor-section-height-default\" data-id=\"b288c85\" data-element_type=\"section\" data-e-type=\"section\">\n\t\t\t\t\t\t<div class=\"elementor-container elementor-column-gap-default\">\n\t\t\t\t\t<div class=\"elementor-column elementor-col-100 elementor-top-column elementor-element elementor-element-94debe2\" data-id=\"94debe2\" data-element_type=\"column\" data-e-type=\"column\">\n\t\t\t<div class=\"elementor-widget-wrap elementor-element-populated\">\n\t\t\t\t\t\t<div class=\"elementor-element elementor-element-119a3c6 elementor-widget elementor-widget-image\" data-id=\"119a3c6\" data-element_type=\"widget\" data-e-type=\"widget\" data-widget_type=\"image.default\">\n\t\t\t\t<div class=\"elementor-widget-container\">\n\t\t\t\t\t\t\t\t\t\t\t\t\t\t\t<img decoding=\"async\" width=\"1200\" height=\"250\" src=\"https:\/\/www.renzi.it\/wp-content\/uploads\/2021\/10\/qualita-ambiente-img01-b.jpg\" class=\"attachment-full size-full wp-image-1982\" alt=\"\" srcset=\"https:\/\/www.renzi.it\/wp-content\/uploads\/2021\/10\/qualita-ambiente-img01-b.jpg 1200w, https:\/\/www.renzi.it\/wp-content\/uploads\/2021\/10\/qualita-ambiente-img01-b-300x63.jpg 300w, https:\/\/www.renzi.it\/wp-content\/uploads\/2021\/10\/qualita-ambiente-img01-b-1024x213.jpg 1024w, https:\/\/www.renzi.it\/wp-content\/uploads\/2021\/10\/qualita-ambiente-img01-b-768x160.jpg 768w\" sizes=\"(max-width: 1200px) 100vw, 1200px\" \/>\t\t\t\t\t\t\t\t\t\t\t\t\t\t\t<\/div>\n\t\t\t\t<\/div>\n\t\t\t\t\t<\/div>\n\t\t<\/div>\n\t\t\t\t\t<\/div>\n\t\t<\/section>\n\t\t\t\t<section class=\"elementor-section elementor-top-section elementor-element elementor-element-eddad1d grid elementor-section-boxed elementor-section-height-default elementor-section-height-default\" data-id=\"eddad1d\" data-element_type=\"section\" data-e-type=\"section\">\n\t\t\t\t\t\t<div class=\"elementor-container elementor-column-gap-default\">\n\t\t\t\t\t<div class=\"elementor-column elementor-col-33 elementor-top-column elementor-element elementor-element-eb83ddb bread-col\" data-id=\"eb83ddb\" data-element_type=\"column\" data-e-type=\"column\" data-settings=\"{&quot;background_background&quot;:&quot;classic&quot;}\">\n\t\t\t<div class=\"elementor-widget-wrap elementor-element-populated\">\n\t\t\t\t\t\t<div class=\"elementor-element elementor-element-c17d438 elementor-widget elementor-widget-html\" data-id=\"c17d438\" data-element_type=\"widget\" data-e-type=\"widget\" data-widget_type=\"html.default\">\n\t\t\t\t<div class=\"elementor-widget-container\">\n\t\t\t\t\t<div class=\"bread\"><a href=\"\/de\/qualitaet-und-umwelt\/umweltpolitik\/\" class=\"st\">Umweltpolitik<\/a>\r\n<a href=\"\/de\/qualitaet-und-umwelt\/umweltpolitik\/\" class=\"button-info\">\r\n      <i class=\"fas fa-long-arrow-alt-right\"><\/i>\r\n    <\/a>\r\n<\/div>\t\t\t\t<\/div>\n\t\t\t\t<\/div>\n\t\t\t\t\t<\/div>\n\t\t<\/div>\n\t\t\t\t<div class=\"elementor-column elementor-col-33 elementor-top-column elementor-element elementor-element-b685e33 bread-col\" data-id=\"b685e33\" data-element_type=\"column\" data-e-type=\"column\" data-settings=\"{&quot;background_background&quot;:&quot;classic&quot;}\">\n\t\t\t<div class=\"elementor-widget-wrap elementor-element-populated\">\n\t\t\t\t\t\t<div class=\"elementor-element elementor-element-441c1a6 elementor-widget elementor-widget-html\" data-id=\"441c1a6\" data-element_type=\"widget\" data-e-type=\"widget\" data-widget_type=\"html.default\">\n\t\t\t\t<div class=\"elementor-widget-container\">\n\t\t\t\t\t<div class=\"bread\"><a href=\"\/de\/qualitaet-und-umwelt\/qualitaetssystem\/\" class=\"st\">Qualit\u00e4tssystem<\/a>\r\n<a href=\"\/de\/qualitaet-und-umwelt\/qualitaetssystem\/\" class=\"button-info\">\r\n      <i class=\"fas fa-long-arrow-alt-right\"><\/i>\r\n    <\/a>\r\n<\/div>\t\t\t\t<\/div>\n\t\t\t\t<\/div>\n\t\t\t\t\t<\/div>\n\t\t<\/div>\n\t\t\t\t<div class=\"elementor-column elementor-col-33 elementor-top-column elementor-element elementor-element-aa05aab bread-col\" data-id=\"aa05aab\" data-element_type=\"column\" data-e-type=\"column\" data-settings=\"{&quot;background_background&quot;:&quot;classic&quot;}\">\n\t\t\t<div class=\"elementor-widget-wrap elementor-element-populated\">\n\t\t\t\t\t\t<div class=\"elementor-element elementor-element-7696a53 elementor-widget elementor-widget-html\" data-id=\"7696a53\" data-element_type=\"widget\" data-e-type=\"widget\" data-widget_type=\"html.default\">\n\t\t\t\t<div class=\"elementor-widget-container\">\n\t\t\t\t\t<div class=\"bread\"><a href=\"\/de\/qualitaet-und-umwelt\/ethisches-kodex\/\" class=\"st\">Ethisches kodex<\/a>\r\n<a href=\"\/de\/qualitaet-und-umwelt\/ethisches-kodex\/\" class=\"button-info\">\r\n      <i class=\"fas fa-long-arrow-alt-right\"><\/i>\r\n    <\/a>\r\n<\/div>\t\t\t\t<\/div>\n\t\t\t\t<\/div>\n\t\t\t\t\t<\/div>\n\t\t<\/div>\n\t\t\t\t\t<\/div>\n\t\t<\/section>\n\t\t\t\t<\/div>\n\t\t","protected":false},"excerpt":{"rendered":"<p>Qualit\u00e4t und umwelt Wir glauben daran, dass eine dauernde Verbesserung h\u00f6here Qualit\u00e4t bringt. Mit diesem Gesichtspunkt setzen wir uns daf\u00fcr ein, zum Respekt f\u00fcr Umwelt in voller Beachtung der Gesetzvorschriften in Kraft \u00fcber Arbeit, Sicherheit und Schutz gerichtete Bestimmungen anzuwenden. \u00a0 Diese Firmenpolitiken sind in jeder Branche und in allen Entscheidungs- und Einsatzniveaus verbreitet und [&hellip;]<\/p>\n","protected":false},"author":3,"featured_media":0,"parent":0,"menu_order":0,"comment_status":"closed","ping_status":"closed","template":"elementor_header_footer","meta":{"inline_featured_image":false,"site-sidebar-layout":"no-sidebar","site-content-layout":"page-builder","ast-site-content-layout":"default","site-content-style":"default","site-sidebar-style":"default","ast-global-header-display":"","ast-banner-title-visibility":"","ast-main-header-display":"","ast-hfb-above-header-display":"","ast-hfb-below-header-display":"","ast-hfb-mobile-header-display":"","site-post-title":"disabled","ast-breadcrumbs-content":"","ast-featured-img":"disabled","footer-sml-layout":"","ast-disable-related-posts":"","theme-transparent-header-meta":"default","adv-header-id-meta":"","stick-header-meta":"","header-above-stick-meta":"","header-main-stick-meta":"","header-below-stick-meta":"","astra-migrate-meta-layouts":"default","ast-page-background-enabled":"default","ast-page-background-meta":{"desktop":{"background-color":"var(--ast-global-color-4)","background-image":"","background-repeat":"repeat","background-position":"center center","background-size":"auto","background-attachment":"scroll","background-type":"","background-media":"","overlay-type":"","overlay-color":"","overlay-opacity":"","overlay-gradient":""},"tablet":{"background-color":"","background-image":"","background-repeat":"repeat","background-position":"center center","background-size":"auto","background-attachment":"scroll","background-type":"","background-media":"","overlay-type":"","overlay-color":"","overlay-opacity":"","overlay-gradient":""},"mobile":{"background-color":"","background-image":"","background-repeat":"repeat","background-position":"center center","background-size":"auto","background-attachment":"scroll","background-type":"","background-media":"","overlay-type":"","overlay-color":"","overlay-opacity":"","overlay-gradient":""}},"ast-content-background-meta":{"desktop":{"background-color":"var(--ast-global-color-5)","background-image":"","background-repeat":"repeat","background-position":"center center","background-size":"auto","background-attachment":"scroll","background-type":"","background-media":"","overlay-type":"","overlay-color":"","overlay-opacity":"","overlay-gradient":""},"tablet":{"background-color":"var(--ast-global-color-5)","background-image":"","background-repeat":"repeat","background-position":"center center","background-size":"auto","background-attachment":"scroll","background-type":"","background-media":"","overlay-type":"","overlay-color":"","overlay-opacity":"","overlay-gradient":""},"mobile":{"background-color":"var(--ast-global-color-5)","background-image":"","background-repeat":"repeat","background-position":"center center","background-size":"auto","background-attachment":"scroll","background-type":"","background-media":"","overlay-type":"","overlay-color":"","overlay-opacity":"","overlay-gradient":""}},"footnotes":""},"class_list":["post-3178","page","type-page","status-publish","hentry"],"yoast_head":"<!-- This site is optimized with the Yoast SEO plugin v27.4 - https:\/\/yoast.com\/product\/yoast-seo-wordpress\/ -->\n<title>Qualit\u00e4t und umwelt | Renzi Autotrasporti<\/title>\n<meta name=\"robots\" content=\"index, follow, max-snippet:-1, max-image-preview:large, max-video-preview:-1\" \/>\n<link rel=\"canonical\" href=\"https:\/\/www.renzi.it\/de\/qualitaet-und-umwelt\/\" \/>\n<meta property=\"og:locale\" content=\"de_DE\" \/>\n<meta property=\"og:type\" content=\"article\" \/>\n<meta property=\"og:title\" content=\"Qualit\u00e4t und umwelt | Renzi Autotrasporti\" \/>\n<meta property=\"og:description\" content=\"Qualit\u00e4t und umwelt Wir glauben daran, dass eine dauernde Verbesserung h\u00f6here Qualit\u00e4t bringt. Mit diesem Gesichtspunkt setzen wir uns daf\u00fcr ein, zum Respekt f\u00fcr Umwelt in voller Beachtung der Gesetzvorschriften in Kraft \u00fcber Arbeit, Sicherheit und Schutz gerichtete Bestimmungen anzuwenden. \u00a0 Diese Firmenpolitiken sind in jeder Branche und in allen Entscheidungs- und Einsatzniveaus verbreitet und [&hellip;]\" \/>\n<meta property=\"og:url\" content=\"https:\/\/www.renzi.it\/de\/qualitaet-und-umwelt\/\" \/>\n<meta property=\"og:site_name\" content=\"Renzi Autotrasporti\" \/>\n<meta property=\"article:modified_time\" content=\"2021-10-26T09:38:35+00:00\" \/>\n<meta property=\"og:image\" content=\"https:\/\/www.renzi.it\/wp-content\/uploads\/2021\/07\/qualita-ambiente-banner.jpg\" \/>\n<meta name=\"twitter:card\" content=\"summary_large_image\" \/>\n<script type=\"application\/ld+json\" class=\"yoast-schema-graph\">{\"@context\":\"https:\\\/\\\/schema.org\",\"@graph\":[{\"@type\":\"WebPage\",\"@id\":\"https:\\\/\\\/www.renzi.it\\\/de\\\/qualitaet-und-umwelt\\\/\",\"url\":\"https:\\\/\\\/www.renzi.it\\\/de\\\/qualitaet-und-umwelt\\\/\",\"name\":\"Qualit\u00e4t und umwelt | Renzi Autotrasporti\",\"isPartOf\":{\"@id\":\"https:\\\/\\\/www.renzi.it\\\/fr\\\/#website\"},\"primaryImageOfPage\":{\"@id\":\"https:\\\/\\\/www.renzi.it\\\/de\\\/qualitaet-und-umwelt\\\/#primaryimage\"},\"image\":{\"@id\":\"https:\\\/\\\/www.renzi.it\\\/de\\\/qualitaet-und-umwelt\\\/#primaryimage\"},\"thumbnailUrl\":\"https:\\\/\\\/www.renzi.it\\\/wp-content\\\/uploads\\\/2021\\\/07\\\/qualita-ambiente-banner.jpg\",\"datePublished\":\"2021-10-26T09:38:34+00:00\",\"dateModified\":\"2021-10-26T09:38:35+00:00\",\"breadcrumb\":{\"@id\":\"https:\\\/\\\/www.renzi.it\\\/de\\\/qualitaet-und-umwelt\\\/#breadcrumb\"},\"inLanguage\":\"de\",\"potentialAction\":[{\"@type\":\"ReadAction\",\"target\":[\"https:\\\/\\\/www.renzi.it\\\/de\\\/qualitaet-und-umwelt\\\/\"]}]},{\"@type\":\"ImageObject\",\"inLanguage\":\"de\",\"@id\":\"https:\\\/\\\/www.renzi.it\\\/de\\\/qualitaet-und-umwelt\\\/#primaryimage\",\"url\":\"https:\\\/\\\/www.renzi.it\\\/wp-content\\\/uploads\\\/2021\\\/07\\\/qualita-ambiente-banner.jpg\",\"contentUrl\":\"https:\\\/\\\/www.renzi.it\\\/wp-content\\\/uploads\\\/2021\\\/07\\\/qualita-ambiente-banner.jpg\"},{\"@type\":\"BreadcrumbList\",\"@id\":\"https:\\\/\\\/www.renzi.it\\\/de\\\/qualitaet-und-umwelt\\\/#breadcrumb\",\"itemListElement\":[{\"@type\":\"ListItem\",\"position\":1,\"name\":\"Home\",\"item\":\"https:\\\/\\\/www.renzi.it\\\/de\\\/\"},{\"@type\":\"ListItem\",\"position\":2,\"name\":\"Qualit\u00e4t und umwelt\"}]},{\"@type\":\"WebSite\",\"@id\":\"https:\\\/\\\/www.renzi.it\\\/fr\\\/#website\",\"url\":\"https:\\\/\\\/www.renzi.it\\\/fr\\\/\",\"name\":\"Renzi Autotrasporti\",\"description\":\"Trasporto e Logistica a Vicenza\",\"publisher\":{\"@id\":\"https:\\\/\\\/www.renzi.it\\\/fr\\\/#organization\"},\"potentialAction\":[{\"@type\":\"SearchAction\",\"target\":{\"@type\":\"EntryPoint\",\"urlTemplate\":\"https:\\\/\\\/www.renzi.it\\\/fr\\\/?s={search_term_string}\"},\"query-input\":{\"@type\":\"PropertyValueSpecification\",\"valueRequired\":true,\"valueName\":\"search_term_string\"}}],\"inLanguage\":\"de\"},{\"@type\":\"Organization\",\"@id\":\"https:\\\/\\\/www.renzi.it\\\/fr\\\/#organization\",\"name\":\"Renzi Autotrasporti\",\"url\":\"https:\\\/\\\/www.renzi.it\\\/fr\\\/\",\"logo\":{\"@type\":\"ImageObject\",\"inLanguage\":\"de\",\"@id\":\"https:\\\/\\\/www.renzi.it\\\/fr\\\/#\\\/schema\\\/logo\\\/image\\\/\",\"url\":\"https:\\\/\\\/www.renzi.it\\\/wp-content\\\/uploads\\\/2021\\\/07\\\/logo.svg\",\"contentUrl\":\"https:\\\/\\\/www.renzi.it\\\/wp-content\\\/uploads\\\/2021\\\/07\\\/logo.svg\",\"width\":425,\"height\":130,\"caption\":\"Renzi Autotrasporti\"},\"image\":{\"@id\":\"https:\\\/\\\/www.renzi.it\\\/fr\\\/#\\\/schema\\\/logo\\\/image\\\/\"}}]}<\/script>\n<!-- \/ Yoast SEO plugin. -->","yoast_head_json":{"title":"Qualit\u00e4t und umwelt | Renzi Autotrasporti","robots":{"index":"index","follow":"follow","max-snippet":"max-snippet:-1","max-image-preview":"max-image-preview:large","max-video-preview":"max-video-preview:-1"},"canonical":"https:\/\/www.renzi.it\/de\/qualitaet-und-umwelt\/","og_locale":"de_DE","og_type":"article","og_title":"Qualit\u00e4t und umwelt | Renzi Autotrasporti","og_description":"Qualit\u00e4t und umwelt Wir glauben daran, dass eine dauernde Verbesserung h\u00f6here Qualit\u00e4t bringt. Mit diesem Gesichtspunkt setzen wir uns daf\u00fcr ein, zum Respekt f\u00fcr Umwelt in voller Beachtung der Gesetzvorschriften in Kraft \u00fcber Arbeit, Sicherheit und Schutz gerichtete Bestimmungen anzuwenden. \u00a0 Diese Firmenpolitiken sind in jeder Branche und in allen Entscheidungs- und Einsatzniveaus verbreitet und [&hellip;]","og_url":"https:\/\/www.renzi.it\/de\/qualitaet-und-umwelt\/","og_site_name":"Renzi Autotrasporti","article_modified_time":"2021-10-26T09:38:35+00:00","og_image":[{"url":"https:\/\/www.renzi.it\/wp-content\/uploads\/2021\/07\/qualita-ambiente-banner.jpg","type":"","width":"","height":""}],"twitter_card":"summary_large_image","schema":{"@context":"https:\/\/schema.org","@graph":[{"@type":"WebPage","@id":"https:\/\/www.renzi.it\/de\/qualitaet-und-umwelt\/","url":"https:\/\/www.renzi.it\/de\/qualitaet-und-umwelt\/","name":"Qualit\u00e4t und umwelt | Renzi Autotrasporti","isPartOf":{"@id":"https:\/\/www.renzi.it\/fr\/#website"},"primaryImageOfPage":{"@id":"https:\/\/www.renzi.it\/de\/qualitaet-und-umwelt\/#primaryimage"},"image":{"@id":"https:\/\/www.renzi.it\/de\/qualitaet-und-umwelt\/#primaryimage"},"thumbnailUrl":"https:\/\/www.renzi.it\/wp-content\/uploads\/2021\/07\/qualita-ambiente-banner.jpg","datePublished":"2021-10-26T09:38:34+00:00","dateModified":"2021-10-26T09:38:35+00:00","breadcrumb":{"@id":"https:\/\/www.renzi.it\/de\/qualitaet-und-umwelt\/#breadcrumb"},"inLanguage":"de","potentialAction":[{"@type":"ReadAction","target":["https:\/\/www.renzi.it\/de\/qualitaet-und-umwelt\/"]}]},{"@type":"ImageObject","inLanguage":"de","@id":"https:\/\/www.renzi.it\/de\/qualitaet-und-umwelt\/#primaryimage","url":"https:\/\/www.renzi.it\/wp-content\/uploads\/2021\/07\/qualita-ambiente-banner.jpg","contentUrl":"https:\/\/www.renzi.it\/wp-content\/uploads\/2021\/07\/qualita-ambiente-banner.jpg"},{"@type":"BreadcrumbList","@id":"https:\/\/www.renzi.it\/de\/qualitaet-und-umwelt\/#breadcrumb","itemListElement":[{"@type":"ListItem","position":1,"name":"Home","item":"https:\/\/www.renzi.it\/de\/"},{"@type":"ListItem","position":2,"name":"Qualit\u00e4t und umwelt"}]},{"@type":"WebSite","@id":"https:\/\/www.renzi.it\/fr\/#website","url":"https:\/\/www.renzi.it\/fr\/","name":"Renzi Autotrasporti","description":"Trasporto e Logistica a Vicenza","publisher":{"@id":"https:\/\/www.renzi.it\/fr\/#organization"},"potentialAction":[{"@type":"SearchAction","target":{"@type":"EntryPoint","urlTemplate":"https:\/\/www.renzi.it\/fr\/?s={search_term_string}"},"query-input":{"@type":"PropertyValueSpecification","valueRequired":true,"valueName":"search_term_string"}}],"inLanguage":"de"},{"@type":"Organization","@id":"https:\/\/www.renzi.it\/fr\/#organization","name":"Renzi Autotrasporti","url":"https:\/\/www.renzi.it\/fr\/","logo":{"@type":"ImageObject","inLanguage":"de","@id":"https:\/\/www.renzi.it\/fr\/#\/schema\/logo\/image\/","url":"https:\/\/www.renzi.it\/wp-content\/uploads\/2021\/07\/logo.svg","contentUrl":"https:\/\/www.renzi.it\/wp-content\/uploads\/2021\/07\/logo.svg","width":425,"height":130,"caption":"Renzi Autotrasporti"},"image":{"@id":"https:\/\/www.renzi.it\/fr\/#\/schema\/logo\/image\/"}}]}},"_links":{"self":[{"href":"https:\/\/www.renzi.it\/de\/wp-json\/wp\/v2\/pages\/3178","targetHints":{"allow":["GET"]}}],"collection":[{"href":"https:\/\/www.renzi.it\/de\/wp-json\/wp\/v2\/pages"}],"about":[{"href":"https:\/\/www.renzi.it\/de\/wp-json\/wp\/v2\/types\/page"}],"author":[{"embeddable":true,"href":"https:\/\/www.renzi.it\/de\/wp-json\/wp\/v2\/users\/3"}],"replies":[{"embeddable":true,"href":"https:\/\/www.renzi.it\/de\/wp-json\/wp\/v2\/comments?post=3178"}],"version-history":[{"count":1,"href":"https:\/\/www.renzi.it\/de\/wp-json\/wp\/v2\/pages\/3178\/revisions"}],"predecessor-version":[{"id":3179,"href":"https:\/\/www.renzi.it\/de\/wp-json\/wp\/v2\/pages\/3178\/revisions\/3179"}],"wp:attachment":[{"href":"https:\/\/www.renzi.it\/de\/wp-json\/wp\/v2\/media?parent=3178"}],"curies":[{"name":"wp","href":"https:\/\/api.w.org\/{rel}","templated":true}]}}