{"id":3258,"date":"2021-10-26T16:27:20","date_gmt":"2021-10-26T14:27:20","guid":{"rendered":"http:\/\/www.renzi.it\/logistica-de-almacen\/almacenamiento-de-liquidos\/"},"modified":"2021-10-26T16:27:21","modified_gmt":"2021-10-26T14:27:21","slug":"almacenamiento-de-liquidos","status":"publish","type":"page","link":"https:\/\/www.renzi.it\/es\/logistica-de-almacen\/almacenamiento-de-liquidos\/","title":{"rendered":"Almacenamiento de l\u00edquidos"},"content":{"rendered":"\t\t<div data-elementor-type=\"wp-page\" data-elementor-id=\"3258\" class=\"elementor elementor-3258\">\n\t\t\t\t\t\t<section class=\"elementor-section elementor-top-section elementor-element elementor-element-4122d6d elementor-section-full_width elementor-section-stretched elementor-section-height-default elementor-section-height-default\" data-id=\"4122d6d\" data-element_type=\"section\" data-e-type=\"section\" data-settings=\"{&quot;stretch_section&quot;:&quot;section-stretched&quot;}\">\n\t\t\t\t\t\t<div class=\"elementor-container elementor-column-gap-no\">\n\t\t\t\t\t<div class=\"elementor-column elementor-col-100 elementor-top-column elementor-element elementor-element-c564d8f ov-rel\" data-id=\"c564d8f\" data-element_type=\"column\" data-e-type=\"column\">\n\t\t\t<div class=\"elementor-widget-wrap elementor-element-populated\">\n\t\t\t\t\t\t<div class=\"elementor-element elementor-element-eac232d overlay elementor-widget elementor-widget-image\" data-id=\"eac232d\" data-element_type=\"widget\" data-e-type=\"widget\" data-widget_type=\"image.default\">\n\t\t\t\t<div class=\"elementor-widget-container\">\n\t\t\t\t\t\t\t\t\t\t\t\t\t\t\t<img fetchpriority=\"high\" decoding=\"async\" width=\"1920\" height=\"500\" src=\"https:\/\/www.renzi.it\/wp-content\/uploads\/2021\/07\/stoccaggio-liquidi-banner.jpg\" class=\"attachment-full size-full wp-image-1241\" alt=\"\" srcset=\"https:\/\/www.renzi.it\/wp-content\/uploads\/2021\/07\/stoccaggio-liquidi-banner.jpg 1920w, https:\/\/www.renzi.it\/wp-content\/uploads\/2021\/07\/stoccaggio-liquidi-banner-300x78.jpg 300w, https:\/\/www.renzi.it\/wp-content\/uploads\/2021\/07\/stoccaggio-liquidi-banner-1024x267.jpg 1024w, https:\/\/www.renzi.it\/wp-content\/uploads\/2021\/07\/stoccaggio-liquidi-banner-768x200.jpg 768w, https:\/\/www.renzi.it\/wp-content\/uploads\/2021\/07\/stoccaggio-liquidi-banner-1536x400.jpg 1536w\" sizes=\"(max-width: 1920px) 100vw, 1920px\" \/>\t\t\t\t\t\t\t\t\t\t\t\t\t\t\t<\/div>\n\t\t\t\t<\/div>\n\t\t\t\t\t<\/div>\n\t\t<\/div>\n\t\t\t\t\t<\/div>\n\t\t<\/section>\n\t\t\t\t<section class=\"elementor-section elementor-top-section elementor-element elementor-element-72fcd99 elementor-section-boxed elementor-section-height-default elementor-section-height-default\" data-id=\"72fcd99\" data-element_type=\"section\" data-e-type=\"section\">\n\t\t\t\t\t\t<div class=\"elementor-container elementor-column-gap-default\">\n\t\t\t\t\t<div class=\"elementor-column elementor-col-100 elementor-top-column elementor-element elementor-element-b29f258\" data-id=\"b29f258\" data-element_type=\"column\" data-e-type=\"column\">\n\t\t\t<div class=\"elementor-widget-wrap elementor-element-populated\">\n\t\t\t\t\t\t<div class=\"elementor-element elementor-element-c9afc81 elementor-position-inline-start profilo elementor-view-default elementor-mobile-position-block-start elementor-widget elementor-widget-icon-box\" data-id=\"c9afc81\" data-element_type=\"widget\" data-e-type=\"widget\" data-widget_type=\"icon-box.default\">\n\t\t\t\t<div class=\"elementor-widget-container\">\n\t\t\t\t\t\t\t<div class=\"elementor-icon-box-wrapper\">\n\n\t\t\t\t\t\t<div class=\"elementor-icon-box-icon\">\n\t\t\t\t<span  class=\"elementor-icon\">\n\t\t\t\t<svg xmlns=\"http:\/\/www.w3.org\/2000\/svg\" xmlns:xlink=\"http:\/\/www.w3.org\/1999\/xlink\" id=\"Livello_1\" x=\"0px\" y=\"0px\" viewBox=\"0 0 100 86\" style=\"enable-background:new 0 0 100 86;\" xml:space=\"preserve\"><style type=\"text\/css\">\t.st0{fill:#DB2E2B;}<\/style><g>\t<path id=\"Tracciato_51\" class=\"st0\" d=\"M45.9,1.2h-7.1l28,28l-28,28h7.1l28-28L45.9,1.2z\"><\/path>\t<path id=\"Tracciato_52\" class=\"st0\" d=\"M71,1.2H64l28,28l-28,28H71l28-28L71,1.2z\"><\/path>\t<path id=\"Tracciato_53\" class=\"st0\" d=\"M86.4,29.1l-28-28h-7.1l28,28l-28,28h7.1L86.4,29.1z\"><\/path>\t<path id=\"Tracciato_54\" class=\"st0\" d=\"M48.6,28.9h-7.1l-28,28l28,28h7.1l-28-28L48.6,28.9z\"><\/path>\t<path id=\"Tracciato_55\" class=\"st0\" d=\"M36,28.9H29l-28,28l28,28H36l-28-28L36,28.9z\"><\/path>\t<path id=\"Tracciato_56\" class=\"st0\" d=\"M61.2,28.9h-7.1l-28,28l28,28h7.1l-28-28L61.2,28.9z\"><\/path><\/g><\/svg>\t\t\t\t<\/span>\n\t\t\t<\/div>\n\t\t\t\n\t\t\t\t\t\t<div class=\"elementor-icon-box-content\">\n\n\t\t\t\t\t\t\t\t\t<h1 class=\"elementor-icon-box-title\">\n\t\t\t\t\t\t<span  >\n\t\t\t\t\t\t\tAlmacenamiento de l\u00edquidos\t\t\t\t\t\t<\/span>\n\t\t\t\t\t<\/h1>\n\t\t\t\t\n\t\t\t\t\n\t\t\t<\/div>\n\t\t\t\n\t\t<\/div>\n\t\t\t\t\t\t<\/div>\n\t\t\t\t<\/div>\n\t\t\t\t\t<\/div>\n\t\t<\/div>\n\t\t\t\t\t<\/div>\n\t\t<\/section>\n\t\t\t\t<section class=\"elementor-section elementor-top-section elementor-element elementor-element-096a5d9 elementor-section-content-middle img-box elementor-reverse-mobile elementor-section-boxed elementor-section-height-default elementor-section-height-default\" data-id=\"096a5d9\" data-element_type=\"section\" data-e-type=\"section\">\n\t\t\t\t\t\t<div class=\"elementor-container elementor-column-gap-default\">\n\t\t\t\t\t<div class=\"elementor-column elementor-col-66 elementor-top-column elementor-element elementor-element-fd788a2 ov-rel\" data-id=\"fd788a2\" data-element_type=\"column\" data-e-type=\"column\">\n\t\t\t<div class=\"elementor-widget-wrap elementor-element-populated\">\n\t\t\t\t\t\t<div class=\"elementor-element elementor-element-57ca6f4 overlay elementor-widget elementor-widget-image\" data-id=\"57ca6f4\" data-element_type=\"widget\" data-e-type=\"widget\" data-widget_type=\"image.default\">\n\t\t\t\t<div class=\"elementor-widget-container\">\n\t\t\t\t\t\t\t\t\t\t\t\t\t\t\t<img decoding=\"async\" width=\"1000\" height=\"708\" src=\"https:\/\/www.renzi.it\/wp-content\/uploads\/2021\/07\/stoccaggio-liquidi-img01.jpg\" class=\"attachment-full size-full wp-image-1246\" alt=\"\" srcset=\"https:\/\/www.renzi.it\/wp-content\/uploads\/2021\/07\/stoccaggio-liquidi-img01.jpg 1000w, https:\/\/www.renzi.it\/wp-content\/uploads\/2021\/07\/stoccaggio-liquidi-img01-300x212.jpg 300w, https:\/\/www.renzi.it\/wp-content\/uploads\/2021\/07\/stoccaggio-liquidi-img01-768x544.jpg 768w\" sizes=\"(max-width: 1000px) 100vw, 1000px\" \/>\t\t\t\t\t\t\t\t\t\t\t\t\t\t\t<\/div>\n\t\t\t\t<\/div>\n\t\t\t\t\t<\/div>\n\t\t<\/div>\n\t\t\t\t<div class=\"elementor-column elementor-col-33 elementor-top-column elementor-element elementor-element-17e0dd7 red\" data-id=\"17e0dd7\" data-element_type=\"column\" data-e-type=\"column\" data-settings=\"{&quot;background_background&quot;:&quot;classic&quot;}\">\n\t\t\t<div class=\"elementor-widget-wrap elementor-element-populated\">\n\t\t\t\t\t\t<div class=\"elementor-element elementor-element-fc28ad7 elementor-widget elementor-widget-text-editor\" data-id=\"fc28ad7\" data-element_type=\"widget\" data-e-type=\"widget\" data-widget_type=\"text-editor.default\">\n\t\t\t\t<div class=\"elementor-widget-container\">\n\t\t\t\t\t\t\t\t\t<p>La gran experiencia que hemos adquirido a lo largo de los a\u00f1os en la gesti\u00f3n de almacenes para productos l\u00edquidos respalda un plan estrat\u00e9gico de nuestra empresa, la cual, cada vez m\u00e1s atenta a las exigencias de sus clientes, ha considerado oportuno invertir recursos y conocimientos en la realizaci\u00f3n de sistemas automatizados de almacenamiento, mezcla, producci\u00f3n y envasado de productos qu\u00edmicos l\u00edquidos.<\/p>\n\t\t\t\t\t\t\t\t<\/div>\n\t\t\t\t<\/div>\n\t\t\t\t\t<\/div>\n\t\t<\/div>\n\t\t\t\t\t<\/div>\n\t\t<\/section>\n\t\t\t\t<section class=\"elementor-section elementor-top-section elementor-element elementor-element-24a176b grid elementor-section-boxed elementor-section-height-default elementor-section-height-default\" data-id=\"24a176b\" data-element_type=\"section\" data-e-type=\"section\">\n\t\t\t\t\t\t<div class=\"elementor-container elementor-column-gap-default\">\n\t\t\t\t\t<div class=\"elementor-column elementor-col-33 elementor-top-column elementor-element elementor-element-d6a2111 bread-col\" data-id=\"d6a2111\" data-element_type=\"column\" data-e-type=\"column\" data-settings=\"{&quot;background_background&quot;:&quot;classic&quot;}\">\n\t\t\t<div class=\"elementor-widget-wrap elementor-element-populated\">\n\t\t\t\t\t\t<div class=\"elementor-element elementor-element-1f3689d elementor-widget elementor-widget-html\" data-id=\"1f3689d\" data-element_type=\"widget\" data-e-type=\"widget\" data-widget_type=\"html.default\">\n\t\t\t\t<div class=\"elementor-widget-container\">\n\t\t\t\t\t<div class=\"bread\"><a href=\"\/es\/logistica-de-almacen\/estructuras-y-almacenes\/\" class=\"st\">Estructuras y almacenes<\/a>\r\n<a href=\"\/es\/logistica-de-almacen\/estructuras-y-almacenes\/\" class=\"button-info\">\r\n      <i class=\"fas fa-long-arrow-alt-right\"><\/i>\r\n    <\/a>\r\n<\/div>\t\t\t\t<\/div>\n\t\t\t\t<\/div>\n\t\t\t\t\t<\/div>\n\t\t<\/div>\n\t\t\t\t<div class=\"elementor-column elementor-col-33 elementor-top-column elementor-element elementor-element-cd24300 bread-col\" data-id=\"cd24300\" data-element_type=\"column\" data-e-type=\"column\" data-settings=\"{&quot;background_background&quot;:&quot;classic&quot;}\">\n\t\t\t<div class=\"elementor-widget-wrap elementor-element-populated\">\n\t\t\t\t\t\t<div class=\"elementor-element elementor-element-246c37e elementor-widget elementor-widget-html\" data-id=\"246c37e\" data-element_type=\"widget\" data-e-type=\"widget\" data-widget_type=\"html.default\">\n\t\t\t\t<div class=\"elementor-widget-container\">\n\t\t\t\t\t<div class=\"bread\"><a href=\"\/es\/logistica-de-almacen\/mercancias-peligrosas\/\" class=\"st\">Mercanc\u00edas peligrosas<\/a>\r\n<a href=\"\/es\/logistica-de-almacen\/mercancias-peligrosas\/\" class=\"button-info\">\r\n      <i class=\"fas fa-long-arrow-alt-right\"><\/i>\r\n    <\/a>\r\n<\/div>\t\t\t\t<\/div>\n\t\t\t\t<\/div>\n\t\t\t\t\t<\/div>\n\t\t<\/div>\n\t\t\t\t<div class=\"elementor-column elementor-col-33 elementor-top-column elementor-element elementor-element-a63f4c9 bread-col\" data-id=\"a63f4c9\" data-element_type=\"column\" data-e-type=\"column\" data-settings=\"{&quot;background_background&quot;:&quot;classic&quot;}\">\n\t\t\t<div class=\"elementor-widget-wrap elementor-element-populated\">\n\t\t\t\t\t\t<div class=\"elementor-element elementor-element-5b5557b elementor-widget elementor-widget-html\" data-id=\"5b5557b\" data-element_type=\"widget\" data-e-type=\"widget\" data-widget_type=\"html.default\">\n\t\t\t\t<div class=\"elementor-widget-container\">\n\t\t\t\t\t<div class=\"bread\"><a href=\"\/es\/logistica-de-almacen\/\" class=\"st\">Log\u00edstica de almac\u00e9n<\/a>\r\n<a href=\"\/es\/logistica-de-almacen\/\" class=\"button-info\">\r\n      <i class=\"fas fa-long-arrow-alt-right\"><\/i>\r\n    <\/a>\r\n<\/div>\t\t\t\t<\/div>\n\t\t\t\t<\/div>\n\t\t\t\t\t<\/div>\n\t\t<\/div>\n\t\t\t\t\t<\/div>\n\t\t<\/section>\n\t\t\t\t<section class=\"elementor-section elementor-top-section elementor-element elementor-element-396bc79 grid2 elementor-section-boxed elementor-section-height-default elementor-section-height-default\" data-id=\"396bc79\" data-element_type=\"section\" data-e-type=\"section\">\n\t\t\t\t\t\t<div class=\"elementor-container elementor-column-gap-default\">\n\t\t\t\t\t<div class=\"elementor-column elementor-col-50 elementor-top-column elementor-element elementor-element-9f30ec1 bread-col\" data-id=\"9f30ec1\" data-element_type=\"column\" data-e-type=\"column\" data-settings=\"{&quot;background_background&quot;:&quot;classic&quot;}\">\n\t\t\t<div class=\"elementor-widget-wrap elementor-element-populated\">\n\t\t\t\t\t\t<div class=\"elementor-element elementor-element-39380f3 elementor-widget elementor-widget-html\" data-id=\"39380f3\" data-element_type=\"widget\" data-e-type=\"widget\" data-widget_type=\"html.default\">\n\t\t\t\t<div class=\"elementor-widget-container\">\n\t\t\t\t\t<div class=\"bread\"><a href=\"\/es\/logistica-de-almacen\/105-2015-directiva-seveso-iii\/\" class=\"st\">105\/2015 directiva Seveso III<\/a>\r\n<a href=\"\/es\/logistica-de-almacen\/105-2015-directiva-seveso-iii\/\" class=\"button-info\">\r\n      <i class=\"fas fa-long-arrow-alt-right\"><\/i>\r\n    <\/a>\r\n<\/div>\t\t\t\t<\/div>\n\t\t\t\t<\/div>\n\t\t\t\t\t<\/div>\n\t\t<\/div>\n\t\t\t\t<div class=\"elementor-column elementor-col-50 elementor-top-column elementor-element elementor-element-5fefd1f bread-col\" data-id=\"5fefd1f\" data-element_type=\"column\" data-e-type=\"column\" data-settings=\"{&quot;background_background&quot;:&quot;classic&quot;}\">\n\t\t\t<div class=\"elementor-widget-wrap elementor-element-populated\">\n\t\t\t\t\t\t<div class=\"elementor-element elementor-element-b0636da elementor-widget elementor-widget-html\" data-id=\"b0636da\" data-element_type=\"widget\" data-e-type=\"widget\" data-widget_type=\"html.default\">\n\t\t\t\t<div class=\"elementor-widget-container\">\n\t\t\t\t\t<div class=\"bread\"><a href=\"\/es\/logistica-de-almacen\/solicitud-de-presupuesto\/\" class=\"st\">Solicitud de presupuesto<\/a>\r\n<a href=\"\/es\/logistica-de-almacen\/solicitud-de-presupuesto\/\" class=\"button-info\">\r\n      <i class=\"fas fa-long-arrow-alt-right\"><\/i>\r\n    <\/a>\r\n<\/div>\t\t\t\t<\/div>\n\t\t\t\t<\/div>\n\t\t\t\t\t<\/div>\n\t\t<\/div>\n\t\t\t\t\t<\/div>\n\t\t<\/section>\n\t\t\t\t<\/div>\n\t\t","protected":false},"excerpt":{"rendered":"<p>Almacenamiento de l\u00edquidos La gran experiencia que hemos adquirido a lo largo de los a\u00f1os en la gesti\u00f3n de almacenes para productos l\u00edquidos respalda un plan estrat\u00e9gico de nuestra empresa, la cual, cada vez m\u00e1s atenta a las exigencias de sus clientes, ha considerado oportuno invertir recursos y conocimientos en la realizaci\u00f3n de sistemas automatizados [&hellip;]<\/p>\n","protected":false},"author":3,"featured_media":0,"parent":3250,"menu_order":0,"comment_status":"closed","ping_status":"closed","template":"elementor_header_footer","meta":{"inline_featured_image":false,"site-sidebar-layout":"no-sidebar","site-content-layout":"page-builder","ast-site-content-layout":"default","site-content-style":"default","site-sidebar-style":"default","ast-global-header-display":"","ast-banner-title-visibility":"","ast-main-header-display":"","ast-hfb-above-header-display":"","ast-hfb-below-header-display":"","ast-hfb-mobile-header-display":"","site-post-title":"disabled","ast-breadcrumbs-content":"","ast-featured-img":"disabled","footer-sml-layout":"","ast-disable-related-posts":"","theme-transparent-header-meta":"default","adv-header-id-meta":"","stick-header-meta":"","header-above-stick-meta":"","header-main-stick-meta":"","header-below-stick-meta":"","astra-migrate-meta-layouts":"default","ast-page-background-enabled":"default","ast-page-background-meta":{"desktop":{"background-color":"var(--ast-global-color-4)","background-image":"","background-repeat":"repeat","background-position":"center center","background-size":"auto","background-attachment":"scroll","background-type":"","background-media":"","overlay-type":"","overlay-color":"","overlay-opacity":"","overlay-gradient":""},"tablet":{"background-color":"","background-image":"","background-repeat":"repeat","background-position":"center center","background-size":"auto","background-attachment":"scroll","background-type":"","background-media":"","overlay-type":"","overlay-color":"","overlay-opacity":"","overlay-gradient":""},"mobile":{"background-color":"","background-image":"","background-repeat":"repeat","background-position":"center center","background-size":"auto","background-attachment":"scroll","background-type":"","background-media":"","overlay-type":"","overlay-color":"","overlay-opacity":"","overlay-gradient":""}},"ast-content-background-meta":{"desktop":{"background-color":"var(--ast-global-color-5)","background-image":"","background-repeat":"repeat","background-position":"center center","background-size":"auto","background-attachment":"scroll","background-type":"","background-media":"","overlay-type":"","overlay-color":"","overlay-opacity":"","overlay-gradient":""},"tablet":{"background-color":"var(--ast-global-color-5)","background-image":"","background-repeat":"repeat","background-position":"center center","background-size":"auto","background-attachment":"scroll","background-type":"","background-media":"","overlay-type":"","overlay-color":"","overlay-opacity":"","overlay-gradient":""},"mobile":{"background-color":"var(--ast-global-color-5)","background-image":"","background-repeat":"repeat","background-position":"center center","background-size":"auto","background-attachment":"scroll","background-type":"","background-media":"","overlay-type":"","overlay-color":"","overlay-opacity":"","overlay-gradient":""}},"footnotes":""},"class_list":["post-3258","page","type-page","status-publish","hentry"],"yoast_head":"<!-- This site is optimized with the Yoast SEO plugin v27.4 - https:\/\/yoast.com\/product\/yoast-seo-wordpress\/ -->\n<title>Almacenamiento de l\u00edquidos | Renzi Autotrasporti<\/title>\n<meta name=\"robots\" content=\"index, follow, max-snippet:-1, max-image-preview:large, max-video-preview:-1\" \/>\n<link rel=\"canonical\" href=\"https:\/\/www.renzi.it\/es\/logistica-de-almacen\/almacenamiento-de-liquidos\/\" \/>\n<meta property=\"og:locale\" content=\"es_ES\" \/>\n<meta property=\"og:type\" content=\"article\" \/>\n<meta property=\"og:title\" content=\"Almacenamiento de l\u00edquidos | Renzi Autotrasporti\" \/>\n<meta property=\"og:description\" content=\"Almacenamiento de l\u00edquidos La gran experiencia que hemos adquirido a lo largo de los a\u00f1os en la gesti\u00f3n de almacenes para productos l\u00edquidos respalda un plan estrat\u00e9gico de nuestra empresa, la cual, cada vez m\u00e1s atenta a las exigencias de sus clientes, ha considerado oportuno invertir recursos y conocimientos en la realizaci\u00f3n de sistemas automatizados [&hellip;]\" \/>\n<meta property=\"og:url\" content=\"https:\/\/www.renzi.it\/es\/logistica-de-almacen\/almacenamiento-de-liquidos\/\" \/>\n<meta property=\"og:site_name\" content=\"Renzi Autotrasporti\" \/>\n<meta property=\"article:modified_time\" content=\"2021-10-26T14:27:21+00:00\" \/>\n<meta property=\"og:image\" content=\"https:\/\/www.renzi.it\/wp-content\/uploads\/2021\/07\/stoccaggio-liquidi-banner.jpg\" \/>\n<meta name=\"twitter:card\" content=\"summary_large_image\" \/>\n<script type=\"application\/ld+json\" class=\"yoast-schema-graph\">{\"@context\":\"https:\\\/\\\/schema.org\",\"@graph\":[{\"@type\":\"WebPage\",\"@id\":\"https:\\\/\\\/www.renzi.it\\\/es\\\/logistica-de-almacen\\\/almacenamiento-de-liquidos\\\/\",\"url\":\"https:\\\/\\\/www.renzi.it\\\/es\\\/logistica-de-almacen\\\/almacenamiento-de-liquidos\\\/\",\"name\":\"Almacenamiento de l\u00edquidos | Renzi Autotrasporti\",\"isPartOf\":{\"@id\":\"https:\\\/\\\/www.renzi.it\\\/fr\\\/#website\"},\"primaryImageOfPage\":{\"@id\":\"https:\\\/\\\/www.renzi.it\\\/es\\\/logistica-de-almacen\\\/almacenamiento-de-liquidos\\\/#primaryimage\"},\"image\":{\"@id\":\"https:\\\/\\\/www.renzi.it\\\/es\\\/logistica-de-almacen\\\/almacenamiento-de-liquidos\\\/#primaryimage\"},\"thumbnailUrl\":\"https:\\\/\\\/www.renzi.it\\\/wp-content\\\/uploads\\\/2021\\\/07\\\/stoccaggio-liquidi-banner.jpg\",\"datePublished\":\"2021-10-26T14:27:20+00:00\",\"dateModified\":\"2021-10-26T14:27:21+00:00\",\"breadcrumb\":{\"@id\":\"https:\\\/\\\/www.renzi.it\\\/es\\\/logistica-de-almacen\\\/almacenamiento-de-liquidos\\\/#breadcrumb\"},\"inLanguage\":\"es\",\"potentialAction\":[{\"@type\":\"ReadAction\",\"target\":[\"https:\\\/\\\/www.renzi.it\\\/es\\\/logistica-de-almacen\\\/almacenamiento-de-liquidos\\\/\"]}]},{\"@type\":\"ImageObject\",\"inLanguage\":\"es\",\"@id\":\"https:\\\/\\\/www.renzi.it\\\/es\\\/logistica-de-almacen\\\/almacenamiento-de-liquidos\\\/#primaryimage\",\"url\":\"https:\\\/\\\/www.renzi.it\\\/wp-content\\\/uploads\\\/2021\\\/07\\\/stoccaggio-liquidi-banner.jpg\",\"contentUrl\":\"https:\\\/\\\/www.renzi.it\\\/wp-content\\\/uploads\\\/2021\\\/07\\\/stoccaggio-liquidi-banner.jpg\"},{\"@type\":\"BreadcrumbList\",\"@id\":\"https:\\\/\\\/www.renzi.it\\\/es\\\/logistica-de-almacen\\\/almacenamiento-de-liquidos\\\/#breadcrumb\",\"itemListElement\":[{\"@type\":\"ListItem\",\"position\":1,\"name\":\"Home\",\"item\":\"https:\\\/\\\/www.renzi.it\\\/es\\\/\"},{\"@type\":\"ListItem\",\"position\":2,\"name\":\"Log\u00edstica de almac\u00e9n\",\"item\":\"https:\\\/\\\/www.renzi.it\\\/es\\\/logistica-de-almacen\\\/\"},{\"@type\":\"ListItem\",\"position\":3,\"name\":\"Almacenamiento de l\u00edquidos\"}]},{\"@type\":\"WebSite\",\"@id\":\"https:\\\/\\\/www.renzi.it\\\/fr\\\/#website\",\"url\":\"https:\\\/\\\/www.renzi.it\\\/fr\\\/\",\"name\":\"Renzi Autotrasporti\",\"description\":\"Trasporto e Logistica a Vicenza\",\"publisher\":{\"@id\":\"https:\\\/\\\/www.renzi.it\\\/fr\\\/#organization\"},\"potentialAction\":[{\"@type\":\"SearchAction\",\"target\":{\"@type\":\"EntryPoint\",\"urlTemplate\":\"https:\\\/\\\/www.renzi.it\\\/fr\\\/?s={search_term_string}\"},\"query-input\":{\"@type\":\"PropertyValueSpecification\",\"valueRequired\":true,\"valueName\":\"search_term_string\"}}],\"inLanguage\":\"es\"},{\"@type\":\"Organization\",\"@id\":\"https:\\\/\\\/www.renzi.it\\\/fr\\\/#organization\",\"name\":\"Renzi Autotrasporti\",\"url\":\"https:\\\/\\\/www.renzi.it\\\/fr\\\/\",\"logo\":{\"@type\":\"ImageObject\",\"inLanguage\":\"es\",\"@id\":\"https:\\\/\\\/www.renzi.it\\\/fr\\\/#\\\/schema\\\/logo\\\/image\\\/\",\"url\":\"https:\\\/\\\/www.renzi.it\\\/wp-content\\\/uploads\\\/2021\\\/07\\\/logo.svg\",\"contentUrl\":\"https:\\\/\\\/www.renzi.it\\\/wp-content\\\/uploads\\\/2021\\\/07\\\/logo.svg\",\"width\":425,\"height\":130,\"caption\":\"Renzi Autotrasporti\"},\"image\":{\"@id\":\"https:\\\/\\\/www.renzi.it\\\/fr\\\/#\\\/schema\\\/logo\\\/image\\\/\"}}]}<\/script>\n<!-- \/ Yoast SEO plugin. -->","yoast_head_json":{"title":"Almacenamiento de l\u00edquidos | Renzi Autotrasporti","robots":{"index":"index","follow":"follow","max-snippet":"max-snippet:-1","max-image-preview":"max-image-preview:large","max-video-preview":"max-video-preview:-1"},"canonical":"https:\/\/www.renzi.it\/es\/logistica-de-almacen\/almacenamiento-de-liquidos\/","og_locale":"es_ES","og_type":"article","og_title":"Almacenamiento de l\u00edquidos | Renzi Autotrasporti","og_description":"Almacenamiento de l\u00edquidos La gran experiencia que hemos adquirido a lo largo de los a\u00f1os en la gesti\u00f3n de almacenes para productos l\u00edquidos respalda un plan estrat\u00e9gico de nuestra empresa, la cual, cada vez m\u00e1s atenta a las exigencias de sus clientes, ha considerado oportuno invertir recursos y conocimientos en la realizaci\u00f3n de sistemas automatizados [&hellip;]","og_url":"https:\/\/www.renzi.it\/es\/logistica-de-almacen\/almacenamiento-de-liquidos\/","og_site_name":"Renzi Autotrasporti","article_modified_time":"2021-10-26T14:27:21+00:00","og_image":[{"url":"https:\/\/www.renzi.it\/wp-content\/uploads\/2021\/07\/stoccaggio-liquidi-banner.jpg","type":"","width":"","height":""}],"twitter_card":"summary_large_image","schema":{"@context":"https:\/\/schema.org","@graph":[{"@type":"WebPage","@id":"https:\/\/www.renzi.it\/es\/logistica-de-almacen\/almacenamiento-de-liquidos\/","url":"https:\/\/www.renzi.it\/es\/logistica-de-almacen\/almacenamiento-de-liquidos\/","name":"Almacenamiento de l\u00edquidos | Renzi Autotrasporti","isPartOf":{"@id":"https:\/\/www.renzi.it\/fr\/#website"},"primaryImageOfPage":{"@id":"https:\/\/www.renzi.it\/es\/logistica-de-almacen\/almacenamiento-de-liquidos\/#primaryimage"},"image":{"@id":"https:\/\/www.renzi.it\/es\/logistica-de-almacen\/almacenamiento-de-liquidos\/#primaryimage"},"thumbnailUrl":"https:\/\/www.renzi.it\/wp-content\/uploads\/2021\/07\/stoccaggio-liquidi-banner.jpg","datePublished":"2021-10-26T14:27:20+00:00","dateModified":"2021-10-26T14:27:21+00:00","breadcrumb":{"@id":"https:\/\/www.renzi.it\/es\/logistica-de-almacen\/almacenamiento-de-liquidos\/#breadcrumb"},"inLanguage":"es","potentialAction":[{"@type":"ReadAction","target":["https:\/\/www.renzi.it\/es\/logistica-de-almacen\/almacenamiento-de-liquidos\/"]}]},{"@type":"ImageObject","inLanguage":"es","@id":"https:\/\/www.renzi.it\/es\/logistica-de-almacen\/almacenamiento-de-liquidos\/#primaryimage","url":"https:\/\/www.renzi.it\/wp-content\/uploads\/2021\/07\/stoccaggio-liquidi-banner.jpg","contentUrl":"https:\/\/www.renzi.it\/wp-content\/uploads\/2021\/07\/stoccaggio-liquidi-banner.jpg"},{"@type":"BreadcrumbList","@id":"https:\/\/www.renzi.it\/es\/logistica-de-almacen\/almacenamiento-de-liquidos\/#breadcrumb","itemListElement":[{"@type":"ListItem","position":1,"name":"Home","item":"https:\/\/www.renzi.it\/es\/"},{"@type":"ListItem","position":2,"name":"Log\u00edstica de almac\u00e9n","item":"https:\/\/www.renzi.it\/es\/logistica-de-almacen\/"},{"@type":"ListItem","position":3,"name":"Almacenamiento de l\u00edquidos"}]},{"@type":"WebSite","@id":"https:\/\/www.renzi.it\/fr\/#website","url":"https:\/\/www.renzi.it\/fr\/","name":"Renzi Autotrasporti","description":"Trasporto e Logistica a Vicenza","publisher":{"@id":"https:\/\/www.renzi.it\/fr\/#organization"},"potentialAction":[{"@type":"SearchAction","target":{"@type":"EntryPoint","urlTemplate":"https:\/\/www.renzi.it\/fr\/?s={search_term_string}"},"query-input":{"@type":"PropertyValueSpecification","valueRequired":true,"valueName":"search_term_string"}}],"inLanguage":"es"},{"@type":"Organization","@id":"https:\/\/www.renzi.it\/fr\/#organization","name":"Renzi Autotrasporti","url":"https:\/\/www.renzi.it\/fr\/","logo":{"@type":"ImageObject","inLanguage":"es","@id":"https:\/\/www.renzi.it\/fr\/#\/schema\/logo\/image\/","url":"https:\/\/www.renzi.it\/wp-content\/uploads\/2021\/07\/logo.svg","contentUrl":"https:\/\/www.renzi.it\/wp-content\/uploads\/2021\/07\/logo.svg","width":425,"height":130,"caption":"Renzi Autotrasporti"},"image":{"@id":"https:\/\/www.renzi.it\/fr\/#\/schema\/logo\/image\/"}}]}},"_links":{"self":[{"href":"https:\/\/www.renzi.it\/es\/wp-json\/wp\/v2\/pages\/3258","targetHints":{"allow":["GET"]}}],"collection":[{"href":"https:\/\/www.renzi.it\/es\/wp-json\/wp\/v2\/pages"}],"about":[{"href":"https:\/\/www.renzi.it\/es\/wp-json\/wp\/v2\/types\/page"}],"author":[{"embeddable":true,"href":"https:\/\/www.renzi.it\/es\/wp-json\/wp\/v2\/users\/3"}],"replies":[{"embeddable":true,"href":"https:\/\/www.renzi.it\/es\/wp-json\/wp\/v2\/comments?post=3258"}],"version-history":[{"count":1,"href":"https:\/\/www.renzi.it\/es\/wp-json\/wp\/v2\/pages\/3258\/revisions"}],"predecessor-version":[{"id":3259,"href":"https:\/\/www.renzi.it\/es\/wp-json\/wp\/v2\/pages\/3258\/revisions\/3259"}],"up":[{"embeddable":true,"href":"https:\/\/www.renzi.it\/es\/wp-json\/wp\/v2\/pages\/3250"}],"wp:attachment":[{"href":"https:\/\/www.renzi.it\/es\/wp-json\/wp\/v2\/media?parent=3258"}],"curies":[{"name":"wp","href":"https:\/\/api.w.org\/{rel}","templated":true}]}}