{"id":3058,"date":"2021-10-25T15:14:35","date_gmt":"2021-10-25T13:14:35","guid":{"rendered":"http:\/\/www.renzi.it\/logistique-dentreposage\/"},"modified":"2021-10-25T15:41:34","modified_gmt":"2021-10-25T13:41:34","slug":"logistique-dentreposage","status":"publish","type":"page","link":"https:\/\/www.renzi.it\/fr\/logistique-dentreposage\/","title":{"rendered":"Logistique d&rsquo;entreposage"},"content":{"rendered":"\t\t<div data-elementor-type=\"wp-page\" data-elementor-id=\"3058\" class=\"elementor elementor-3058\">\n\t\t\t\t\t\t<section class=\"elementor-section elementor-top-section elementor-element elementor-element-b7221c1 elementor-section-full_width elementor-section-stretched elementor-section-height-default elementor-section-height-default\" data-id=\"b7221c1\" data-element_type=\"section\" data-e-type=\"section\" data-settings=\"{&quot;stretch_section&quot;:&quot;section-stretched&quot;}\">\n\t\t\t\t\t\t<div class=\"elementor-container elementor-column-gap-no\">\n\t\t\t\t\t<div class=\"elementor-column elementor-col-100 elementor-top-column elementor-element elementor-element-6a60ed9 ov-rel\" data-id=\"6a60ed9\" data-element_type=\"column\" data-e-type=\"column\">\n\t\t\t<div class=\"elementor-widget-wrap elementor-element-populated\">\n\t\t\t\t\t\t<div class=\"elementor-element elementor-element-3ff329c overlay elementor-widget elementor-widget-image\" data-id=\"3ff329c\" data-element_type=\"widget\" data-e-type=\"widget\" data-widget_type=\"image.default\">\n\t\t\t\t<div class=\"elementor-widget-container\">\n\t\t\t\t\t\t\t\t\t\t\t\t\t\t\t<img fetchpriority=\"high\" decoding=\"async\" width=\"1920\" height=\"500\" src=\"https:\/\/www.renzi.it\/wp-content\/uploads\/2021\/07\/logistica-magazzino-banner.jpg\" class=\"attachment-full size-full wp-image-1105\" alt=\"\" srcset=\"https:\/\/www.renzi.it\/wp-content\/uploads\/2021\/07\/logistica-magazzino-banner.jpg 1920w, https:\/\/www.renzi.it\/wp-content\/uploads\/2021\/07\/logistica-magazzino-banner-300x78.jpg 300w, https:\/\/www.renzi.it\/wp-content\/uploads\/2021\/07\/logistica-magazzino-banner-1024x267.jpg 1024w, https:\/\/www.renzi.it\/wp-content\/uploads\/2021\/07\/logistica-magazzino-banner-768x200.jpg 768w, https:\/\/www.renzi.it\/wp-content\/uploads\/2021\/07\/logistica-magazzino-banner-1536x400.jpg 1536w\" sizes=\"(max-width: 1920px) 100vw, 1920px\" \/>\t\t\t\t\t\t\t\t\t\t\t\t\t\t\t<\/div>\n\t\t\t\t<\/div>\n\t\t\t\t\t<\/div>\n\t\t<\/div>\n\t\t\t\t\t<\/div>\n\t\t<\/section>\n\t\t\t\t<section class=\"elementor-section elementor-top-section elementor-element elementor-element-e0f7a81 elementor-section-boxed elementor-section-height-default elementor-section-height-default\" data-id=\"e0f7a81\" data-element_type=\"section\" data-e-type=\"section\">\n\t\t\t\t\t\t<div class=\"elementor-container elementor-column-gap-default\">\n\t\t\t\t\t<div class=\"elementor-column elementor-col-100 elementor-top-column elementor-element elementor-element-1b12fa1\" data-id=\"1b12fa1\" data-element_type=\"column\" data-e-type=\"column\">\n\t\t\t<div class=\"elementor-widget-wrap elementor-element-populated\">\n\t\t\t\t\t\t<div class=\"elementor-element elementor-element-575d675 elementor-position-inline-start profilo elementor-view-default elementor-mobile-position-block-start elementor-widget elementor-widget-icon-box\" data-id=\"575d675\" data-element_type=\"widget\" data-e-type=\"widget\" data-widget_type=\"icon-box.default\">\n\t\t\t\t<div class=\"elementor-widget-container\">\n\t\t\t\t\t\t\t<div class=\"elementor-icon-box-wrapper\">\n\n\t\t\t\t\t\t<div class=\"elementor-icon-box-icon\">\n\t\t\t\t<span  class=\"elementor-icon\">\n\t\t\t\t<svg xmlns=\"http:\/\/www.w3.org\/2000\/svg\" xmlns:xlink=\"http:\/\/www.w3.org\/1999\/xlink\" id=\"Livello_1\" x=\"0px\" y=\"0px\" viewBox=\"0 0 100 86\" style=\"enable-background:new 0 0 100 86;\" xml:space=\"preserve\"><style type=\"text\/css\">\t.st0{fill:#DB2E2B;}<\/style><g>\t<path id=\"Tracciato_51\" class=\"st0\" d=\"M45.9,1.2h-7.1l28,28l-28,28h7.1l28-28L45.9,1.2z\"><\/path>\t<path id=\"Tracciato_52\" class=\"st0\" d=\"M71,1.2H64l28,28l-28,28H71l28-28L71,1.2z\"><\/path>\t<path id=\"Tracciato_53\" class=\"st0\" d=\"M86.4,29.1l-28-28h-7.1l28,28l-28,28h7.1L86.4,29.1z\"><\/path>\t<path id=\"Tracciato_54\" class=\"st0\" d=\"M48.6,28.9h-7.1l-28,28l28,28h7.1l-28-28L48.6,28.9z\"><\/path>\t<path id=\"Tracciato_55\" class=\"st0\" d=\"M36,28.9H29l-28,28l28,28H36l-28-28L36,28.9z\"><\/path>\t<path id=\"Tracciato_56\" class=\"st0\" d=\"M61.2,28.9h-7.1l-28,28l28,28h7.1l-28-28L61.2,28.9z\"><\/path><\/g><\/svg>\t\t\t\t<\/span>\n\t\t\t<\/div>\n\t\t\t\n\t\t\t\t\t\t<div class=\"elementor-icon-box-content\">\n\n\t\t\t\t\t\t\t\t\t<h1 class=\"elementor-icon-box-title\">\n\t\t\t\t\t\t<span  >\n\t\t\t\t\t\t\tLogistique d'entreposage\t\t\t\t\t\t<\/span>\n\t\t\t\t\t<\/h1>\n\t\t\t\t\n\t\t\t\t\n\t\t\t<\/div>\n\t\t\t\n\t\t<\/div>\n\t\t\t\t\t\t<\/div>\n\t\t\t\t<\/div>\n\t\t\t\t\t<\/div>\n\t\t<\/div>\n\t\t\t\t\t<\/div>\n\t\t<\/section>\n\t\t\t\t<section class=\"elementor-section elementor-top-section elementor-element elementor-element-1afe872 elementor-section-boxed elementor-section-height-default elementor-section-height-default\" data-id=\"1afe872\" data-element_type=\"section\" data-e-type=\"section\">\n\t\t\t\t\t\t<div class=\"elementor-container elementor-column-gap-default\">\n\t\t\t\t\t<div class=\"elementor-column elementor-col-50 elementor-top-column elementor-element elementor-element-abab2cd\" data-id=\"abab2cd\" data-element_type=\"column\" data-e-type=\"column\">\n\t\t\t<div class=\"elementor-widget-wrap elementor-element-populated\">\n\t\t\t\t\t\t<div class=\"elementor-element elementor-element-34c265b elementor-widget elementor-widget-text-editor\" data-id=\"34c265b\" data-element_type=\"widget\" data-e-type=\"widget\" data-widget_type=\"text-editor.default\">\n\t\t\t\t<div class=\"elementor-widget-container\">\n\t\t\t\t\t\t\t\t\t<p>Les soci\u00e9t\u00e9s du groupe RENZI disposent de 12 \u00e9tablissements de stockage situ\u00e9s en Lombardie, en \u00c9milie Romagne, en V\u00e9n\u00e9tie et en Toscane.<\/p>\n\t\t\t\t\t\t\t\t<\/div>\n\t\t\t\t<\/div>\n\t\t\t\t\t<\/div>\n\t\t<\/div>\n\t\t\t\t<div class=\"elementor-column elementor-col-50 elementor-top-column elementor-element elementor-element-53d3c76\" data-id=\"53d3c76\" data-element_type=\"column\" data-e-type=\"column\">\n\t\t\t<div class=\"elementor-widget-wrap elementor-element-populated\">\n\t\t\t\t\t\t<div class=\"elementor-element elementor-element-72e950d elementor-widget elementor-widget-image\" data-id=\"72e950d\" data-element_type=\"widget\" data-e-type=\"widget\" data-widget_type=\"image.default\">\n\t\t\t\t<div class=\"elementor-widget-container\">\n\t\t\t\t\t\t\t\t\t\t\t\t\t\t\t<img decoding=\"async\" width=\"1000\" height=\"708\" src=\"https:\/\/www.renzi.it\/wp-content\/uploads\/2021\/10\/logistica-magazzino-img01-b.jpg\" class=\"attachment-full size-full wp-image-1962\" alt=\"\" srcset=\"https:\/\/www.renzi.it\/wp-content\/uploads\/2021\/10\/logistica-magazzino-img01-b.jpg 1000w, https:\/\/www.renzi.it\/wp-content\/uploads\/2021\/10\/logistica-magazzino-img01-b-300x212.jpg 300w, https:\/\/www.renzi.it\/wp-content\/uploads\/2021\/10\/logistica-magazzino-img01-b-768x544.jpg 768w\" sizes=\"(max-width: 1000px) 100vw, 1000px\" \/>\t\t\t\t\t\t\t\t\t\t\t\t\t\t\t<\/div>\n\t\t\t\t<\/div>\n\t\t\t\t\t<\/div>\n\t\t<\/div>\n\t\t\t\t\t<\/div>\n\t\t<\/section>\n\t\t\t\t<section class=\"elementor-section elementor-top-section elementor-element elementor-element-b72de50 grid elementor-section-boxed elementor-section-height-default elementor-section-height-default\" data-id=\"b72de50\" data-element_type=\"section\" data-e-type=\"section\">\n\t\t\t\t\t\t<div class=\"elementor-container elementor-column-gap-default\">\n\t\t\t\t\t<div class=\"elementor-column elementor-col-33 elementor-top-column elementor-element elementor-element-35c0562 bread-col\" data-id=\"35c0562\" data-element_type=\"column\" data-e-type=\"column\" data-settings=\"{&quot;background_background&quot;:&quot;classic&quot;}\">\n\t\t\t<div class=\"elementor-widget-wrap elementor-element-populated\">\n\t\t\t\t\t\t<div class=\"elementor-element elementor-element-d87c04b elementor-widget elementor-widget-html\" data-id=\"d87c04b\" data-element_type=\"widget\" data-e-type=\"widget\" data-widget_type=\"html.default\">\n\t\t\t\t<div class=\"elementor-widget-container\">\n\t\t\t\t\t<div class=\"bread\"><a href=\"\/fr\/logistique-dentreposage\/stockage-des-liquides\/\" class=\"st\">Stockage des liquides<\/a>\r\n<a href=\"\/fr\/logistique-dentreposage\/stockage-des-liquides\/\" class=\"button-info\">\r\n      <i class=\"fas fa-long-arrow-alt-right\"><\/i>\r\n    <\/a>\r\n<\/div>\t\t\t\t<\/div>\n\t\t\t\t<\/div>\n\t\t\t\t\t<\/div>\n\t\t<\/div>\n\t\t\t\t<div class=\"elementor-column elementor-col-33 elementor-top-column elementor-element elementor-element-97b41f9 bread-col\" data-id=\"97b41f9\" data-element_type=\"column\" data-e-type=\"column\" data-settings=\"{&quot;background_background&quot;:&quot;classic&quot;}\">\n\t\t\t<div class=\"elementor-widget-wrap elementor-element-populated\">\n\t\t\t\t\t\t<div class=\"elementor-element elementor-element-53dc65c elementor-widget elementor-widget-html\" data-id=\"53dc65c\" data-element_type=\"widget\" data-e-type=\"widget\" data-widget_type=\"html.default\">\n\t\t\t\t<div class=\"elementor-widget-container\">\n\t\t\t\t\t<div class=\"bread\"><a href=\"\/fr\/logistique-dentreposage\/marchandises-dangereuses\/\" class=\"st\">Marchandises dangereuses<\/a>\r\n<a href=\"\/fr\/logistique-dentreposage\/marchandises-dangereuses\/\" class=\"button-info\">\r\n      <i class=\"fas fa-long-arrow-alt-right\"><\/i>\r\n    <\/a>\r\n<\/div>\t\t\t\t<\/div>\n\t\t\t\t<\/div>\n\t\t\t\t\t<\/div>\n\t\t<\/div>\n\t\t\t\t<div class=\"elementor-column elementor-col-33 elementor-top-column elementor-element elementor-element-c639f16 bread-col\" data-id=\"c639f16\" data-element_type=\"column\" data-e-type=\"column\" data-settings=\"{&quot;background_background&quot;:&quot;classic&quot;}\">\n\t\t\t<div class=\"elementor-widget-wrap elementor-element-populated\">\n\t\t\t\t\t\t<div class=\"elementor-element elementor-element-3c2156b elementor-widget elementor-widget-html\" data-id=\"3c2156b\" data-element_type=\"widget\" data-e-type=\"widget\" data-widget_type=\"html.default\">\n\t\t\t\t<div class=\"elementor-widget-container\">\n\t\t\t\t\t<div class=\"bread\"><a href=\"\/fr\/logistique-dentreposage\/structures-et-entrepots\/\" class=\"st\">Structures et entrep\u00f4ts<\/a>\r\n<a href=\"\/fr\/logistique-dentreposage\/structures-et-entrepots\/\" class=\"button-info\">\r\n      <i class=\"fas fa-long-arrow-alt-right\"><\/i>\r\n    <\/a>\r\n<\/div>\t\t\t\t<\/div>\n\t\t\t\t<\/div>\n\t\t\t\t\t<\/div>\n\t\t<\/div>\n\t\t\t\t\t<\/div>\n\t\t<\/section>\n\t\t\t\t<section class=\"elementor-section elementor-top-section elementor-element elementor-element-fbc18f0 grid2 elementor-section-boxed elementor-section-height-default elementor-section-height-default\" data-id=\"fbc18f0\" data-element_type=\"section\" data-e-type=\"section\">\n\t\t\t\t\t\t<div class=\"elementor-container elementor-column-gap-default\">\n\t\t\t\t\t<div class=\"elementor-column elementor-col-50 elementor-top-column elementor-element elementor-element-970fce8 bread-col\" data-id=\"970fce8\" data-element_type=\"column\" data-e-type=\"column\" data-settings=\"{&quot;background_background&quot;:&quot;classic&quot;}\">\n\t\t\t<div class=\"elementor-widget-wrap elementor-element-populated\">\n\t\t\t\t\t\t<div class=\"elementor-element elementor-element-b5ccc3b elementor-widget elementor-widget-html\" data-id=\"b5ccc3b\" data-element_type=\"widget\" data-e-type=\"widget\" data-widget_type=\"html.default\">\n\t\t\t\t<div class=\"elementor-widget-container\">\n\t\t\t\t\t<div class=\"bread\"><a href=\"\/fr\/logistique-dentreposage\/loi-seveso-iii-105-2015\/\" class=\"st\">Loi Seveso III 105\/2015<\/a>\r\n<a href=\"\/fr\/logistique-dentreposage\/loi-seveso-iii-105-2015\/\" class=\"button-info\">\r\n      <i class=\"fas fa-long-arrow-alt-right\"><\/i>\r\n    <\/a>\r\n<\/div>\t\t\t\t<\/div>\n\t\t\t\t<\/div>\n\t\t\t\t\t<\/div>\n\t\t<\/div>\n\t\t\t\t<div class=\"elementor-column elementor-col-50 elementor-top-column elementor-element elementor-element-d32869c bread-col\" data-id=\"d32869c\" data-element_type=\"column\" data-e-type=\"column\" data-settings=\"{&quot;background_background&quot;:&quot;classic&quot;}\">\n\t\t\t<div class=\"elementor-widget-wrap elementor-element-populated\">\n\t\t\t\t\t\t<div class=\"elementor-element elementor-element-a2ab138 elementor-widget elementor-widget-html\" data-id=\"a2ab138\" data-element_type=\"widget\" data-e-type=\"widget\" data-widget_type=\"html.default\">\n\t\t\t\t<div class=\"elementor-widget-container\">\n\t\t\t\t\t<div class=\"bread\"><a href=\"\/fr\/logistique-dentreposage\/demande-de-devis\/\" class=\"st\">Demande de devis<\/a>\r\n<a href=\"\/fr\/logistique-dentreposage\/demande-de-devis\/\" class=\"button-info\">\r\n      <i class=\"fas fa-long-arrow-alt-right\"><\/i>\r\n    <\/a>\r\n<\/div>\t\t\t\t<\/div>\n\t\t\t\t<\/div>\n\t\t\t\t\t<\/div>\n\t\t<\/div>\n\t\t\t\t\t<\/div>\n\t\t<\/section>\n\t\t\t\t<\/div>\n\t\t","protected":false},"excerpt":{"rendered":"<p>Logistique d&rsquo;entreposage Les soci\u00e9t\u00e9s du groupe RENZI disposent de 12 \u00e9tablissements de stockage situ\u00e9s en Lombardie, en \u00c9milie Romagne, en V\u00e9n\u00e9tie et en Toscane. Stockage des liquides Marchandises dangereuses Structures et entrep\u00f4ts Loi Seveso III 105\/2015 Demande de devis<\/p>\n","protected":false},"author":3,"featured_media":0,"parent":0,"menu_order":0,"comment_status":"closed","ping_status":"closed","template":"elementor_header_footer","meta":{"inline_featured_image":false,"site-sidebar-layout":"no-sidebar","site-content-layout":"page-builder","ast-site-content-layout":"default","site-content-style":"default","site-sidebar-style":"default","ast-global-header-display":"","ast-banner-title-visibility":"","ast-main-header-display":"","ast-hfb-above-header-display":"","ast-hfb-below-header-display":"","ast-hfb-mobile-header-display":"","site-post-title":"disabled","ast-breadcrumbs-content":"","ast-featured-img":"disabled","footer-sml-layout":"","ast-disable-related-posts":"","theme-transparent-header-meta":"default","adv-header-id-meta":"","stick-header-meta":"","header-above-stick-meta":"","header-main-stick-meta":"","header-below-stick-meta":"","astra-migrate-meta-layouts":"default","ast-page-background-enabled":"default","ast-page-background-meta":{"desktop":{"background-color":"var(--ast-global-color-4)","background-image":"","background-repeat":"repeat","background-position":"center center","background-size":"auto","background-attachment":"scroll","background-type":"","background-media":"","overlay-type":"","overlay-color":"","overlay-opacity":"","overlay-gradient":""},"tablet":{"background-color":"","background-image":"","background-repeat":"repeat","background-position":"center center","background-size":"auto","background-attachment":"scroll","background-type":"","background-media":"","overlay-type":"","overlay-color":"","overlay-opacity":"","overlay-gradient":""},"mobile":{"background-color":"","background-image":"","background-repeat":"repeat","background-position":"center center","background-size":"auto","background-attachment":"scroll","background-type":"","background-media":"","overlay-type":"","overlay-color":"","overlay-opacity":"","overlay-gradient":""}},"ast-content-background-meta":{"desktop":{"background-color":"var(--ast-global-color-5)","background-image":"","background-repeat":"repeat","background-position":"center center","background-size":"auto","background-attachment":"scroll","background-type":"","background-media":"","overlay-type":"","overlay-color":"","overlay-opacity":"","overlay-gradient":""},"tablet":{"background-color":"var(--ast-global-color-5)","background-image":"","background-repeat":"repeat","background-position":"center center","background-size":"auto","background-attachment":"scroll","background-type":"","background-media":"","overlay-type":"","overlay-color":"","overlay-opacity":"","overlay-gradient":""},"mobile":{"background-color":"var(--ast-global-color-5)","background-image":"","background-repeat":"repeat","background-position":"center center","background-size":"auto","background-attachment":"scroll","background-type":"","background-media":"","overlay-type":"","overlay-color":"","overlay-opacity":"","overlay-gradient":""}},"footnotes":""},"class_list":["post-3058","page","type-page","status-publish","hentry"],"yoast_head":"<!-- This site is optimized with the Yoast SEO plugin v27.5 - https:\/\/yoast.com\/product\/yoast-seo-wordpress\/ -->\n<title>Logistique d&#039;entreposage | Renzi Autotrasporti<\/title>\n<meta name=\"robots\" content=\"index, follow, max-snippet:-1, max-image-preview:large, max-video-preview:-1\" \/>\n<link rel=\"canonical\" href=\"https:\/\/www.renzi.it\/fr\/logistique-dentreposage\/\" \/>\n<meta property=\"og:locale\" content=\"fr_FR\" \/>\n<meta property=\"og:type\" content=\"article\" \/>\n<meta property=\"og:title\" content=\"Logistique d&#039;entreposage | Renzi Autotrasporti\" \/>\n<meta property=\"og:description\" content=\"Logistique d&rsquo;entreposage Les soci\u00e9t\u00e9s du groupe RENZI disposent de 12 \u00e9tablissements de stockage situ\u00e9s en Lombardie, en \u00c9milie Romagne, en V\u00e9n\u00e9tie et en Toscane. Stockage des liquides Marchandises dangereuses Structures et entrep\u00f4ts Loi Seveso III 105\/2015 Demande de devis\" \/>\n<meta property=\"og:url\" content=\"https:\/\/www.renzi.it\/fr\/logistique-dentreposage\/\" \/>\n<meta property=\"og:site_name\" content=\"Renzi Autotrasporti\" \/>\n<meta property=\"article:modified_time\" content=\"2021-10-25T13:41:34+00:00\" \/>\n<meta property=\"og:image\" content=\"https:\/\/www.renzi.it\/wp-content\/uploads\/2021\/07\/logistica-magazzino-banner.jpg\" \/>\n<meta name=\"twitter:card\" content=\"summary_large_image\" \/>\n<script type=\"application\/ld+json\" class=\"yoast-schema-graph\">{\"@context\":\"https:\\\/\\\/schema.org\",\"@graph\":[{\"@type\":\"WebPage\",\"@id\":\"https:\\\/\\\/www.renzi.it\\\/fr\\\/logistique-dentreposage\\\/\",\"url\":\"https:\\\/\\\/www.renzi.it\\\/fr\\\/logistique-dentreposage\\\/\",\"name\":\"Logistique d'entreposage | Renzi Autotrasporti\",\"isPartOf\":{\"@id\":\"https:\\\/\\\/www.renzi.it\\\/fr\\\/#website\"},\"primaryImageOfPage\":{\"@id\":\"https:\\\/\\\/www.renzi.it\\\/fr\\\/logistique-dentreposage\\\/#primaryimage\"},\"image\":{\"@id\":\"https:\\\/\\\/www.renzi.it\\\/fr\\\/logistique-dentreposage\\\/#primaryimage\"},\"thumbnailUrl\":\"https:\\\/\\\/www.renzi.it\\\/wp-content\\\/uploads\\\/2021\\\/07\\\/logistica-magazzino-banner.jpg\",\"datePublished\":\"2021-10-25T13:14:35+00:00\",\"dateModified\":\"2021-10-25T13:41:34+00:00\",\"breadcrumb\":{\"@id\":\"https:\\\/\\\/www.renzi.it\\\/fr\\\/logistique-dentreposage\\\/#breadcrumb\"},\"inLanguage\":\"fr-FR\",\"potentialAction\":[{\"@type\":\"ReadAction\",\"target\":[\"https:\\\/\\\/www.renzi.it\\\/fr\\\/logistique-dentreposage\\\/\"]}]},{\"@type\":\"ImageObject\",\"inLanguage\":\"fr-FR\",\"@id\":\"https:\\\/\\\/www.renzi.it\\\/fr\\\/logistique-dentreposage\\\/#primaryimage\",\"url\":\"https:\\\/\\\/www.renzi.it\\\/wp-content\\\/uploads\\\/2021\\\/07\\\/logistica-magazzino-banner.jpg\",\"contentUrl\":\"https:\\\/\\\/www.renzi.it\\\/wp-content\\\/uploads\\\/2021\\\/07\\\/logistica-magazzino-banner.jpg\"},{\"@type\":\"BreadcrumbList\",\"@id\":\"https:\\\/\\\/www.renzi.it\\\/fr\\\/logistique-dentreposage\\\/#breadcrumb\",\"itemListElement\":[{\"@type\":\"ListItem\",\"position\":1,\"name\":\"Home\",\"item\":\"https:\\\/\\\/www.renzi.it\\\/fr\\\/\"},{\"@type\":\"ListItem\",\"position\":2,\"name\":\"Logistique d&rsquo;entreposage\"}]},{\"@type\":\"WebSite\",\"@id\":\"https:\\\/\\\/www.renzi.it\\\/fr\\\/#website\",\"url\":\"https:\\\/\\\/www.renzi.it\\\/fr\\\/\",\"name\":\"Renzi Autotrasporti\",\"description\":\"Trasporto e Logistica a Vicenza\",\"publisher\":{\"@id\":\"https:\\\/\\\/www.renzi.it\\\/fr\\\/#organization\"},\"potentialAction\":[{\"@type\":\"SearchAction\",\"target\":{\"@type\":\"EntryPoint\",\"urlTemplate\":\"https:\\\/\\\/www.renzi.it\\\/fr\\\/?s={search_term_string}\"},\"query-input\":{\"@type\":\"PropertyValueSpecification\",\"valueRequired\":true,\"valueName\":\"search_term_string\"}}],\"inLanguage\":\"fr-FR\"},{\"@type\":\"Organization\",\"@id\":\"https:\\\/\\\/www.renzi.it\\\/fr\\\/#organization\",\"name\":\"Renzi Autotrasporti\",\"url\":\"https:\\\/\\\/www.renzi.it\\\/fr\\\/\",\"logo\":{\"@type\":\"ImageObject\",\"inLanguage\":\"fr-FR\",\"@id\":\"https:\\\/\\\/www.renzi.it\\\/fr\\\/#\\\/schema\\\/logo\\\/image\\\/\",\"url\":\"https:\\\/\\\/www.renzi.it\\\/wp-content\\\/uploads\\\/2021\\\/07\\\/logo.svg\",\"contentUrl\":\"https:\\\/\\\/www.renzi.it\\\/wp-content\\\/uploads\\\/2021\\\/07\\\/logo.svg\",\"width\":425,\"height\":130,\"caption\":\"Renzi Autotrasporti\"},\"image\":{\"@id\":\"https:\\\/\\\/www.renzi.it\\\/fr\\\/#\\\/schema\\\/logo\\\/image\\\/\"}}]}<\/script>\n<!-- \/ Yoast SEO plugin. -->","yoast_head_json":{"title":"Logistique d'entreposage | Renzi Autotrasporti","robots":{"index":"index","follow":"follow","max-snippet":"max-snippet:-1","max-image-preview":"max-image-preview:large","max-video-preview":"max-video-preview:-1"},"canonical":"https:\/\/www.renzi.it\/fr\/logistique-dentreposage\/","og_locale":"fr_FR","og_type":"article","og_title":"Logistique d'entreposage | Renzi Autotrasporti","og_description":"Logistique d&rsquo;entreposage Les soci\u00e9t\u00e9s du groupe RENZI disposent de 12 \u00e9tablissements de stockage situ\u00e9s en Lombardie, en \u00c9milie Romagne, en V\u00e9n\u00e9tie et en Toscane. Stockage des liquides Marchandises dangereuses Structures et entrep\u00f4ts Loi Seveso III 105\/2015 Demande de devis","og_url":"https:\/\/www.renzi.it\/fr\/logistique-dentreposage\/","og_site_name":"Renzi Autotrasporti","article_modified_time":"2021-10-25T13:41:34+00:00","og_image":[{"url":"https:\/\/www.renzi.it\/wp-content\/uploads\/2021\/07\/logistica-magazzino-banner.jpg","type":"","width":"","height":""}],"twitter_card":"summary_large_image","schema":{"@context":"https:\/\/schema.org","@graph":[{"@type":"WebPage","@id":"https:\/\/www.renzi.it\/fr\/logistique-dentreposage\/","url":"https:\/\/www.renzi.it\/fr\/logistique-dentreposage\/","name":"Logistique d'entreposage | Renzi Autotrasporti","isPartOf":{"@id":"https:\/\/www.renzi.it\/fr\/#website"},"primaryImageOfPage":{"@id":"https:\/\/www.renzi.it\/fr\/logistique-dentreposage\/#primaryimage"},"image":{"@id":"https:\/\/www.renzi.it\/fr\/logistique-dentreposage\/#primaryimage"},"thumbnailUrl":"https:\/\/www.renzi.it\/wp-content\/uploads\/2021\/07\/logistica-magazzino-banner.jpg","datePublished":"2021-10-25T13:14:35+00:00","dateModified":"2021-10-25T13:41:34+00:00","breadcrumb":{"@id":"https:\/\/www.renzi.it\/fr\/logistique-dentreposage\/#breadcrumb"},"inLanguage":"fr-FR","potentialAction":[{"@type":"ReadAction","target":["https:\/\/www.renzi.it\/fr\/logistique-dentreposage\/"]}]},{"@type":"ImageObject","inLanguage":"fr-FR","@id":"https:\/\/www.renzi.it\/fr\/logistique-dentreposage\/#primaryimage","url":"https:\/\/www.renzi.it\/wp-content\/uploads\/2021\/07\/logistica-magazzino-banner.jpg","contentUrl":"https:\/\/www.renzi.it\/wp-content\/uploads\/2021\/07\/logistica-magazzino-banner.jpg"},{"@type":"BreadcrumbList","@id":"https:\/\/www.renzi.it\/fr\/logistique-dentreposage\/#breadcrumb","itemListElement":[{"@type":"ListItem","position":1,"name":"Home","item":"https:\/\/www.renzi.it\/fr\/"},{"@type":"ListItem","position":2,"name":"Logistique d&rsquo;entreposage"}]},{"@type":"WebSite","@id":"https:\/\/www.renzi.it\/fr\/#website","url":"https:\/\/www.renzi.it\/fr\/","name":"Renzi Autotrasporti","description":"Trasporto e Logistica a Vicenza","publisher":{"@id":"https:\/\/www.renzi.it\/fr\/#organization"},"potentialAction":[{"@type":"SearchAction","target":{"@type":"EntryPoint","urlTemplate":"https:\/\/www.renzi.it\/fr\/?s={search_term_string}"},"query-input":{"@type":"PropertyValueSpecification","valueRequired":true,"valueName":"search_term_string"}}],"inLanguage":"fr-FR"},{"@type":"Organization","@id":"https:\/\/www.renzi.it\/fr\/#organization","name":"Renzi Autotrasporti","url":"https:\/\/www.renzi.it\/fr\/","logo":{"@type":"ImageObject","inLanguage":"fr-FR","@id":"https:\/\/www.renzi.it\/fr\/#\/schema\/logo\/image\/","url":"https:\/\/www.renzi.it\/wp-content\/uploads\/2021\/07\/logo.svg","contentUrl":"https:\/\/www.renzi.it\/wp-content\/uploads\/2021\/07\/logo.svg","width":425,"height":130,"caption":"Renzi Autotrasporti"},"image":{"@id":"https:\/\/www.renzi.it\/fr\/#\/schema\/logo\/image\/"}}]}},"_links":{"self":[{"href":"https:\/\/www.renzi.it\/fr\/wp-json\/wp\/v2\/pages\/3058","targetHints":{"allow":["GET"]}}],"collection":[{"href":"https:\/\/www.renzi.it\/fr\/wp-json\/wp\/v2\/pages"}],"about":[{"href":"https:\/\/www.renzi.it\/fr\/wp-json\/wp\/v2\/types\/page"}],"author":[{"embeddable":true,"href":"https:\/\/www.renzi.it\/fr\/wp-json\/wp\/v2\/users\/3"}],"replies":[{"embeddable":true,"href":"https:\/\/www.renzi.it\/fr\/wp-json\/wp\/v2\/comments?post=3058"}],"version-history":[{"count":3,"href":"https:\/\/www.renzi.it\/fr\/wp-json\/wp\/v2\/pages\/3058\/revisions"}],"predecessor-version":[{"id":3065,"href":"https:\/\/www.renzi.it\/fr\/wp-json\/wp\/v2\/pages\/3058\/revisions\/3065"}],"wp:attachment":[{"href":"https:\/\/www.renzi.it\/fr\/wp-json\/wp\/v2\/media?parent=3058"}],"curies":[{"name":"wp","href":"https:\/\/api.w.org\/{rel}","templated":true}]}}