{"id":2075,"date":"2021-10-11T15:52:25","date_gmt":"2021-10-11T13:52:25","guid":{"rendered":"http:\/\/www.renzi.it\/?page_id=2075"},"modified":"2021-10-14T16:41:17","modified_gmt":"2021-10-14T14:41:17","slug":"privacy","status":"publish","type":"page","link":"https:\/\/www.renzi.it\/it\/privacy\/","title":{"rendered":"Privacy"},"content":{"rendered":"\t\t<div data-elementor-type=\"wp-page\" data-elementor-id=\"2075\" class=\"elementor elementor-2075\">\n\t\t\t\t\t\t<section class=\"elementor-section elementor-top-section elementor-element elementor-element-caa4c70 elementor-section-full_width elementor-section-stretched elementor-section-height-default elementor-section-height-default\" data-id=\"caa4c70\" data-element_type=\"section\" data-e-type=\"section\" data-settings=\"{&quot;stretch_section&quot;:&quot;section-stretched&quot;}\">\n\t\t\t\t\t\t<div class=\"elementor-container elementor-column-gap-no\">\n\t\t\t\t\t<div class=\"elementor-column elementor-col-100 elementor-top-column elementor-element elementor-element-c8f27a2 ov-rel\" data-id=\"c8f27a2\" data-element_type=\"column\" data-e-type=\"column\">\n\t\t\t<div class=\"elementor-widget-wrap elementor-element-populated\">\n\t\t\t\t\t\t<div class=\"elementor-element elementor-element-4ee2629 overlay elementor-widget elementor-widget-image\" data-id=\"4ee2629\" data-element_type=\"widget\" data-e-type=\"widget\" data-widget_type=\"image.default\">\n\t\t\t\t<div class=\"elementor-widget-container\">\n\t\t\t\t\t\t\t\t\t\t\t\t\t\t\t<img fetchpriority=\"high\" decoding=\"async\" width=\"1920\" height=\"500\" src=\"https:\/\/www.renzi.it\/wp-content\/uploads\/2021\/07\/contatti-banner.jpg\" class=\"attachment-full size-full wp-image-1441\" alt=\"\" srcset=\"https:\/\/www.renzi.it\/wp-content\/uploads\/2021\/07\/contatti-banner.jpg 1920w, https:\/\/www.renzi.it\/wp-content\/uploads\/2021\/07\/contatti-banner-300x78.jpg 300w, https:\/\/www.renzi.it\/wp-content\/uploads\/2021\/07\/contatti-banner-1024x267.jpg 1024w, https:\/\/www.renzi.it\/wp-content\/uploads\/2021\/07\/contatti-banner-768x200.jpg 768w, https:\/\/www.renzi.it\/wp-content\/uploads\/2021\/07\/contatti-banner-1536x400.jpg 1536w\" sizes=\"(max-width: 1920px) 100vw, 1920px\" \/>\t\t\t\t\t\t\t\t\t\t\t\t\t\t\t<\/div>\n\t\t\t\t<\/div>\n\t\t\t\t\t<\/div>\n\t\t<\/div>\n\t\t\t\t\t<\/div>\n\t\t<\/section>\n\t\t\t\t<section class=\"elementor-section elementor-top-section elementor-element elementor-element-55b0d4e elementor-section-boxed elementor-section-height-default elementor-section-height-default\" data-id=\"55b0d4e\" data-element_type=\"section\" data-e-type=\"section\">\n\t\t\t\t\t\t<div class=\"elementor-container elementor-column-gap-default\">\n\t\t\t\t\t<div class=\"elementor-column elementor-col-100 elementor-top-column elementor-element elementor-element-0ea44c9\" data-id=\"0ea44c9\" data-element_type=\"column\" data-e-type=\"column\">\n\t\t\t<div class=\"elementor-widget-wrap elementor-element-populated\">\n\t\t\t\t\t\t<div class=\"elementor-element elementor-element-f245e35 elementor-position-inline-start profilo elementor-view-default elementor-mobile-position-block-start elementor-widget elementor-widget-icon-box\" data-id=\"f245e35\" data-element_type=\"widget\" data-e-type=\"widget\" data-widget_type=\"icon-box.default\">\n\t\t\t\t<div class=\"elementor-widget-container\">\n\t\t\t\t\t\t\t<div class=\"elementor-icon-box-wrapper\">\n\n\t\t\t\t\t\t<div class=\"elementor-icon-box-icon\">\n\t\t\t\t<span  class=\"elementor-icon\">\n\t\t\t\t<svg xmlns=\"http:\/\/www.w3.org\/2000\/svg\" xmlns:xlink=\"http:\/\/www.w3.org\/1999\/xlink\" id=\"Livello_1\" x=\"0px\" y=\"0px\" viewBox=\"0 0 100 86\" style=\"enable-background:new 0 0 100 86;\" xml:space=\"preserve\"><style type=\"text\/css\">\t.st0{fill:#DB2E2B;}<\/style><g>\t<path id=\"Tracciato_51\" class=\"st0\" d=\"M45.9,1.2h-7.1l28,28l-28,28h7.1l28-28L45.9,1.2z\"><\/path>\t<path id=\"Tracciato_52\" class=\"st0\" d=\"M71,1.2H64l28,28l-28,28H71l28-28L71,1.2z\"><\/path>\t<path id=\"Tracciato_53\" class=\"st0\" d=\"M86.4,29.1l-28-28h-7.1l28,28l-28,28h7.1L86.4,29.1z\"><\/path>\t<path id=\"Tracciato_54\" class=\"st0\" d=\"M48.6,28.9h-7.1l-28,28l28,28h7.1l-28-28L48.6,28.9z\"><\/path>\t<path id=\"Tracciato_55\" class=\"st0\" d=\"M36,28.9H29l-28,28l28,28H36l-28-28L36,28.9z\"><\/path>\t<path id=\"Tracciato_56\" class=\"st0\" d=\"M61.2,28.9h-7.1l-28,28l28,28h7.1l-28-28L61.2,28.9z\"><\/path><\/g><\/svg>\t\t\t\t<\/span>\n\t\t\t<\/div>\n\t\t\t\n\t\t\t\t\t\t<div class=\"elementor-icon-box-content\">\n\n\t\t\t\t\t\t\t\t\t<h1 class=\"elementor-icon-box-title\">\n\t\t\t\t\t\t<span  >\n\t\t\t\t\t\t\tPrivacy Policy e Cookies\t\t\t\t\t\t<\/span>\n\t\t\t\t\t<\/h1>\n\t\t\t\t\n\t\t\t\t\n\t\t\t<\/div>\n\t\t\t\n\t\t<\/div>\n\t\t\t\t\t\t<\/div>\n\t\t\t\t<\/div>\n\t\t\t\t<div class=\"elementor-element elementor-element-b9c5312 elementor-widget elementor-widget-text-editor\" data-id=\"b9c5312\" data-element_type=\"widget\" data-e-type=\"widget\" data-widget_type=\"text-editor.default\">\n\t\t\t\t<div class=\"elementor-widget-container\">\n\t\t\t\t\t\t\t\t\t<h3>(Ai sensi dell&#8217;articolo 13 e 14 del regolamento Europeo N. 679\/16)<\/h3><p>\u00a0<\/p><p>Il sito di <strong>Autotrasporti Fratelli Renzi s.n.c., <\/strong>fin dalla sua progettazione, intende garantire il rispetto dei principi sanciti Autotrasporti Fratelli Renzi s.n.c. dal Regolamento UE n. 2016\/679 relativo alla protezione delle persone fisiche con particolare riguardo al Trattamento dei Dati Personali, nessuno escluso, nonch\u00e9 alla libera circolazione dei medesimi anche nell\u2019interesse pubblico coerentemente con il diritto alla trasparenza.<\/p><p>Il sito di <strong>Autotrasporti Fratelli Renzi s.n.c.<\/strong> garantisce agli interessati la possibilit\u00e0 di interagire con il proprio portale per usufruire liberamente dei servizi richiesti come per esempio l\u2019invio di newsletter o informative per le quali l\u2019interessato ha espresso consapevolmente il consenso al trattamento. I dati personali trattati \u2013 eventualmente raccolti o forniti negli appositi form dal navigatore \u2013 ed ogni altro tipo di informazione pertinente, sono accessibili attraverso l\u2019indirizzo <strong>www.renzi.it<\/strong> corrispondente al sito ufficiale di <strong>Autotrasporti Fratelli Renzi s.n.c..<\/strong><\/p><p>Con la presente informativa il sito di <strong>Autotrasporti Fratelli Renzi s.n.c.<\/strong>, oltre a descrivere le modalit\u00e0 di libera fruizione del sito, intende informare gli utenti ed i navigatori anche riguardo al trattamento dei dati personali e alle relative garanzie riconosciute dalla legge, ai sensi dell\u2019art. 13 del predetto \u201cRegolamento\u201d. Quest\u2019informativa \u00e8 resa esclusivamente per i dati personali contenuti o acquisiti durante la fruizione del sito di <strong>Autotrasporti Fratelli Renzi s.n.c.<\/strong> e non per altri siti web (di cui Autotrasporti Fratelli Renzi s.n.c. non \u00e8 responsabile o contitolare) che possono essere consultati dall\u2019utente tramite link.<\/p><p>\u00a0<\/p><p><strong>Titolare del trattamento<\/strong><\/p><p>Titolare del trattamento dei dati personali \u00e8 <strong>Autotrasporti Fratelli Renzi s.n.c.<\/strong>nella persona del Legale Rappresentante protempore, domiciliato per la carica presso la sede istituzionale, attualmente il nominativo del Titolare \u00e8 il Sig. Rensi Lorenzo, reperibile a questo indirizzo: Via Montorso, 35 &#8211; 36071 Arzignano (VI) Italy \u2013 Telefono: +39 0444 670136.<\/p><p>\u00a0<\/p><p><strong>Finalit\u00e0 del trattamento e base giuridica<\/strong><\/p><p>I dati personali verranno trattati coerentemente ai servizi offerti di <strong>Autotrasporti Fratelli Renzi s.n.c.<\/strong> attraverso il proprio portale per garantire la fornitura di beni e servizi pertinenti all\u2019oggetto dello statuto sociale nonch\u00e9 per permettere l\u2019attivit\u00e0 commerciale di marketing diretto (attivit\u00e0 per la quale la societ\u00e0 dispone di idoneo Registro del trattamento contenente le categorie di soggetti a cui si riferiscono i dati personali. Nell\u2019ambito di tali finalit\u00e0 il trattamento riguarda anche i dati relativi alle registrazioni al portale necessari per la gestione dei rapporti con <strong>Autotrasporti Fratelli Renzi s.n.c.<\/strong>, nonch\u00e9 per consentire un\u2019efficace comunicazione istituzionale e per adempiere ad eventuali obblighi di legge, regolamentari o contrattuali.<\/p><p>\u00a0<\/p><p><strong>Luogo e modalit\u00e0 del trattamento<\/strong><\/p><p>I dati sono trattati esclusivamente nel Territorio Italiano da parte di personale istruito, formato e autorizzato al lecito trattamento dei dati secondo i principi di correttezza, liceit\u00e0, trasparenza, pertinenza e non eccedenza rispetto alle finalit\u00e0 di raccolta e di successivo trattamento. Il trattamento dei dati connessi ai servizi offerti dal sito di <strong>Autotrasporti Fratelli Renzi s.n.c.<\/strong> avviene per il tempo strettamente necessario a conseguire le finalit\u00e0 prefissate dall\u2019utente stesso al quale sono riservate tutte le misure minime di sicurezza (e di riservatezza) volte a prevenire la perdita dei dati, usi illeciti o non corretti ovvero accessi non autorizzati. I dati personali forniti dagli utenti che si registrano o utilizzano i servizi del sito di <strong>Autotrasporti Fratelli Renzi s.n.c.<\/strong> \u2013 quali <strong>nome, cognome, indirizzo e-mail, telefono, azienda e sito web<\/strong> \u2013 possono essere utilizzati per altre operazioni di trattamento in termini compatibili con gli scopi della raccolta come ad esempio l\u2019invio, mediante posta elettronica, di comunicazioni coerenti con il servizio offerto e richiesto. I dati personali degli utenti che richiedono documenti o materiale informativo (newsletter, risposte a quesiti, atti e provvedimenti, ecc.) sono utilizzati solo per eseguire il servizio o la prestazione richiesta e non sono oggetto di cessione o diffusione. Non \u00e8 previsto l\u2019uso di trattamenti automatizzati o processi decisionali automatizzati o volti a profilare il fruitore del sito istituzionale della <strong>Autotrasporti Fratelli Renzi s.n.c..<\/strong><\/p><p>\u00a0<\/p><p><strong>Tipologia dei dati trattati e destinatari<\/strong><\/p><p>Le categorie dei dati trattati nonch\u00e9 le categorie dei destinatari a cui si riferiscono i dati sono riportate nel Registro dei Trattamenti disponibile presso la sede di <strong>Autotrasporti Fratelli Renzi s.n.c.<\/strong><\/p><p>\u00a0<\/p><p><strong>Periodo di conservazione<\/strong><\/p><p>I dati verranno conservati per un periodo di tempo non superiore al conseguimento delle finalit\u00e0 sopra indicate (\u201cprincipio di limitazione della conservazione\u201d, art.5, del Regolamento UE) o in base alle scadenze previste dalle norme di legge.<\/p><p>\u00a0<\/p><p><strong>Trasferimento dei dati all\u2019estero<\/strong><\/p><p>I dati non vengono trasferiti a paesi terzi al di fuori dello Spazio Economico Europeo.<\/p><p>\u00a0<\/p><p><strong>DIRITTI DELL\u2019INTERESSATO<\/strong><\/p><p>I diritti dell\u2019interessato (rif. articoli 15-21 del Regolamento UE) possono essere esercitati in qualsiasi momento e si riassumono nel diritto:<\/p><ul><li>di ottenere la conferma dell\u2019esistenza o meno di un trattamento di dati personali che lo riguardano, e l\u2019accesso agli stessi;<\/li><li>di ottenere la rettifica dei dati senza ingiustificato ritardo, inclusa l\u2019integrazione dei dati;<\/li><li>di ottenere la cancellazione dei dati;<\/li><li>di ottenere la limitazione del trattamento e la comunicazione di eventuale revoca della stessa;<\/li><li>alla portabilit\u00e0 dei dati;<\/li><li>di proporre reclamo a un\u2019autorit\u00e0 di controllo.<\/li><\/ul><p>Quanto sopra fatta salva l\u2019esistenza di motivi legittimi da parte del Titolare.<\/p><p>\u00a0<\/p><h3><strong>INFORMATIVA SULL\u2019USO DEI COOKIES<\/strong><\/h3><p>\u00a0<\/p><p>Il sito web, per un miglior funzionamento e per garantire servizi erogati da terze parti utilizza Cookies rilasciati dal TITOLARE o da terze parti.<\/p><p>\u00a0<\/p><p><strong>I cookie rilasciati dal TITOLARE<\/strong><\/p><p>I cookies rilasciati dal TITOLARE navigando in questo sito web sono \u201ctecnici\u201d e sono quelli utilizzati al solo fine di <em>\u201ceffettuare la trasmissione di una comunicazione su una rete di comunicazione elettronica, o nella misura strettamente necessaria al fornitore di un servizio della societ\u00e0 dell\u2019informazione esplicitamente richiesto dall\u2019abbonato o dall\u2019utente a erogare tale servizio\u201d <\/em>(cfr. art. 122, comma 1, del Codice). Essi non vengono utilizzati per scopi ulteriori, e vengono installati con la normale navigazione nelle nostre pagine. Possono essere suddivisi in cookie di navigazione o di sessione, che garantiscono la normale navigazione e fruizione del sito web (permettendo di realizzare un acquisto o autenticarsi per accedere ad aree riservate); cookie di funzionalit\u00e0, che permettono all\u2019utente la navigazione in funzione di una serie di criteri selezionati (ad esempio, la lingua, i prodotti selezionati per l\u2019acquisto ecc.) al fine di migliorare il servizio reso allo stesso. Per l\u2019installazione di tali cookie non \u00e8 richiesto il preventivo consenso degli utenti, mentre resta fermo l\u2019obbligo di dare la presente informativa ai sensi dell\u2019art. 13 del Codice. Il presente sito non utilizza cookies di terze parti per finalit\u00e0 tecniche, di analisi o di profilazione e pubblicit\u00e0.<\/p><p>\u00a0<\/p><p><strong>Cookies di terze parti per finalit\u00e0 statistiche o tecniche<\/strong><\/p><p>Nel corso della navigazione sul sito, l\u2019utente pu\u00f2 ricevere sul suo terminale anche cookie fornitori diversi (c.d. cookie di \u201cterze parti\u201d); ci\u00f2 accade perch\u00e9 sul sito web visitato possono essere presenti elementi che risiedono su server diversi da quello sul quale si trova la pagina richiesta. IL TITOLARE usa cookies di terze solo per finalit\u00e0 tecniche, ad esempio cookies rilasciati per analizzare statisticamente gli accessi\/le visite al sito (cookie cosiddetti \u201canalytics\u201d) o per permettere l\u2019utilizzo di parti di codice rilasciate da soggetti terzi, che garantiscono un miglior uso del servizio (autenticazioni, pagine di amministrazione ecc.)<\/p><p>I cookies di terze parti utilizzati in questo sito e le modalit\u00e0 per gestire l\u2019opt out (la disattivazione dei medesimi) sono di seguito indicati:<\/p><p><em>\u2013 <\/em><strong>Google Analytics<\/strong><em>:<\/em> servizio di analisi del traffico web fornito da Google, Inc. (\u201cGoogle\u201d).<\/p><p>Tali cookie sono usati al solo fine di monitorare e migliorare le prestazioni del sito. Per ulteriori informazioni, si rinvia al link di seguito indicato: https:\/\/www.google.it\/policies\/privacy\/partners\/<\/p><p>L\u2019utente pu\u00f2 disabilitare in modo selettivo l\u2019azione di Google Analytics installando sul proprio browser la componente di opt-out fornito da Google.<\/p><p>Per disabilitare l\u2019azione di Google Analytics, si rinvia al link di seguito indicato: https:\/\/tools.google.com\/dlpage\/gaoptout.<\/p><p>Il presente sito non utilizza cookies propri o di terze parti per finalit\u00e0 di profilazione e pubblicit\u00e0.<\/p>\t\t\t\t\t\t\t\t<\/div>\n\t\t\t\t<\/div>\n\t\t\t\t\t<\/div>\n\t\t<\/div>\n\t\t\t\t\t<\/div>\n\t\t<\/section>\n\t\t\t\t<\/div>\n\t\t","protected":false},"excerpt":{"rendered":"<p>Privacy Policy e Cookies (Ai sensi dell&#8217;articolo 13 e 14 del regolamento Europeo N. 679\/16) \u00a0 Il sito di Autotrasporti Fratelli Renzi s.n.c., fin dalla sua progettazione, intende garantire il rispetto dei principi sanciti Autotrasporti Fratelli Renzi s.n.c. dal Regolamento UE n. 2016\/679 relativo alla protezione delle persone fisiche con particolare riguardo al Trattamento dei [&hellip;]<\/p>\n","protected":false},"author":2,"featured_media":0,"parent":0,"menu_order":0,"comment_status":"closed","ping_status":"closed","template":"elementor_header_footer","meta":{"inline_featured_image":false,"site-sidebar-layout":"no-sidebar","site-content-layout":"page-builder","ast-site-content-layout":"default","site-content-style":"default","site-sidebar-style":"default","ast-global-header-display":"","ast-banner-title-visibility":"","ast-main-header-display":"","ast-hfb-above-header-display":"","ast-hfb-below-header-display":"","ast-hfb-mobile-header-display":"","site-post-title":"disabled","ast-breadcrumbs-content":"","ast-featured-img":"disabled","footer-sml-layout":"","ast-disable-related-posts":"","theme-transparent-header-meta":"default","adv-header-id-meta":"","stick-header-meta":"","header-above-stick-meta":"","header-main-stick-meta":"","header-below-stick-meta":"","astra-migrate-meta-layouts":"default","ast-page-background-enabled":"default","ast-page-background-meta":{"desktop":{"background-color":"var(--ast-global-color-4)","background-image":"","background-repeat":"repeat","background-position":"center center","background-size":"auto","background-attachment":"scroll","background-type":"","background-media":"","overlay-type":"","overlay-color":"","overlay-opacity":"","overlay-gradient":""},"tablet":{"background-color":"","background-image":"","background-repeat":"repeat","background-position":"center center","background-size":"auto","background-attachment":"scroll","background-type":"","background-media":"","overlay-type":"","overlay-color":"","overlay-opacity":"","overlay-gradient":""},"mobile":{"background-color":"","background-image":"","background-repeat":"repeat","background-position":"center center","background-size":"auto","background-attachment":"scroll","background-type":"","background-media":"","overlay-type":"","overlay-color":"","overlay-opacity":"","overlay-gradient":""}},"ast-content-background-meta":{"desktop":{"background-color":"var(--ast-global-color-5)","background-image":"","background-repeat":"repeat","background-position":"center center","background-size":"auto","background-attachment":"scroll","background-type":"","background-media":"","overlay-type":"","overlay-color":"","overlay-opacity":"","overlay-gradient":""},"tablet":{"background-color":"var(--ast-global-color-5)","background-image":"","background-repeat":"repeat","background-position":"center center","background-size":"auto","background-attachment":"scroll","background-type":"","background-media":"","overlay-type":"","overlay-color":"","overlay-opacity":"","overlay-gradient":""},"mobile":{"background-color":"var(--ast-global-color-5)","background-image":"","background-repeat":"repeat","background-position":"center center","background-size":"auto","background-attachment":"scroll","background-type":"","background-media":"","overlay-type":"","overlay-color":"","overlay-opacity":"","overlay-gradient":""}},"footnotes":""},"class_list":["post-2075","page","type-page","status-publish","hentry"],"yoast_head":"<!-- This site is optimized with the Yoast SEO plugin v27.5 - https:\/\/yoast.com\/product\/yoast-seo-wordpress\/ -->\n<title>Privacy | Renzi Autotrasporti<\/title>\n<meta name=\"robots\" content=\"index, follow, max-snippet:-1, max-image-preview:large, max-video-preview:-1\" \/>\n<link rel=\"canonical\" href=\"https:\/\/www.renzi.it\/it\/privacy\/\" \/>\n<meta property=\"og:locale\" content=\"it_IT\" \/>\n<meta property=\"og:type\" content=\"article\" \/>\n<meta property=\"og:title\" content=\"Privacy | Renzi Autotrasporti\" \/>\n<meta property=\"og:description\" content=\"Privacy Policy e Cookies (Ai sensi dell&#8217;articolo 13 e 14 del regolamento Europeo N. 679\/16) \u00a0 Il sito di Autotrasporti Fratelli Renzi s.n.c., fin dalla sua progettazione, intende garantire il rispetto dei principi sanciti Autotrasporti Fratelli Renzi s.n.c. dal Regolamento UE n. 2016\/679 relativo alla protezione delle persone fisiche con particolare riguardo al Trattamento dei [&hellip;]\" \/>\n<meta property=\"og:url\" content=\"https:\/\/www.renzi.it\/it\/privacy\/\" \/>\n<meta property=\"og:site_name\" content=\"Renzi Autotrasporti\" \/>\n<meta property=\"article:modified_time\" content=\"2021-10-14T14:41:17+00:00\" \/>\n<meta property=\"og:image\" content=\"https:\/\/www.renzi.it\/wp-content\/uploads\/2021\/07\/contatti-banner.jpg\" \/>\n<meta name=\"twitter:card\" content=\"summary_large_image\" \/>\n<meta name=\"twitter:label1\" content=\"Tempo di lettura stimato\" \/>\n\t<meta name=\"twitter:data1\" content=\"7 minuti\" \/>\n<script type=\"application\/ld+json\" class=\"yoast-schema-graph\">{\"@context\":\"https:\\\/\\\/schema.org\",\"@graph\":[{\"@type\":\"WebPage\",\"@id\":\"https:\\\/\\\/www.renzi.it\\\/it\\\/privacy\\\/\",\"url\":\"https:\\\/\\\/www.renzi.it\\\/it\\\/privacy\\\/\",\"name\":\"Privacy | Renzi Autotrasporti\",\"isPartOf\":{\"@id\":\"https:\\\/\\\/www.renzi.it\\\/fr\\\/#website\"},\"primaryImageOfPage\":{\"@id\":\"https:\\\/\\\/www.renzi.it\\\/it\\\/privacy\\\/#primaryimage\"},\"image\":{\"@id\":\"https:\\\/\\\/www.renzi.it\\\/it\\\/privacy\\\/#primaryimage\"},\"thumbnailUrl\":\"https:\\\/\\\/www.renzi.it\\\/wp-content\\\/uploads\\\/2021\\\/07\\\/contatti-banner.jpg\",\"datePublished\":\"2021-10-11T13:52:25+00:00\",\"dateModified\":\"2021-10-14T14:41:17+00:00\",\"breadcrumb\":{\"@id\":\"https:\\\/\\\/www.renzi.it\\\/it\\\/privacy\\\/#breadcrumb\"},\"inLanguage\":\"it-IT\",\"potentialAction\":[{\"@type\":\"ReadAction\",\"target\":[\"https:\\\/\\\/www.renzi.it\\\/it\\\/privacy\\\/\"]}]},{\"@type\":\"ImageObject\",\"inLanguage\":\"it-IT\",\"@id\":\"https:\\\/\\\/www.renzi.it\\\/it\\\/privacy\\\/#primaryimage\",\"url\":\"https:\\\/\\\/www.renzi.it\\\/wp-content\\\/uploads\\\/2021\\\/07\\\/contatti-banner.jpg\",\"contentUrl\":\"https:\\\/\\\/www.renzi.it\\\/wp-content\\\/uploads\\\/2021\\\/07\\\/contatti-banner.jpg\"},{\"@type\":\"BreadcrumbList\",\"@id\":\"https:\\\/\\\/www.renzi.it\\\/it\\\/privacy\\\/#breadcrumb\",\"itemListElement\":[{\"@type\":\"ListItem\",\"position\":1,\"name\":\"Home\",\"item\":\"https:\\\/\\\/www.renzi.it\\\/it\\\/\"},{\"@type\":\"ListItem\",\"position\":2,\"name\":\"Privacy\"}]},{\"@type\":\"WebSite\",\"@id\":\"https:\\\/\\\/www.renzi.it\\\/fr\\\/#website\",\"url\":\"https:\\\/\\\/www.renzi.it\\\/fr\\\/\",\"name\":\"Renzi Autotrasporti\",\"description\":\"Trasporto e Logistica a Vicenza\",\"publisher\":{\"@id\":\"https:\\\/\\\/www.renzi.it\\\/fr\\\/#organization\"},\"potentialAction\":[{\"@type\":\"SearchAction\",\"target\":{\"@type\":\"EntryPoint\",\"urlTemplate\":\"https:\\\/\\\/www.renzi.it\\\/fr\\\/?s={search_term_string}\"},\"query-input\":{\"@type\":\"PropertyValueSpecification\",\"valueRequired\":true,\"valueName\":\"search_term_string\"}}],\"inLanguage\":\"it-IT\"},{\"@type\":\"Organization\",\"@id\":\"https:\\\/\\\/www.renzi.it\\\/fr\\\/#organization\",\"name\":\"Renzi Autotrasporti\",\"url\":\"https:\\\/\\\/www.renzi.it\\\/fr\\\/\",\"logo\":{\"@type\":\"ImageObject\",\"inLanguage\":\"it-IT\",\"@id\":\"https:\\\/\\\/www.renzi.it\\\/fr\\\/#\\\/schema\\\/logo\\\/image\\\/\",\"url\":\"https:\\\/\\\/www.renzi.it\\\/wp-content\\\/uploads\\\/2021\\\/07\\\/logo.svg\",\"contentUrl\":\"https:\\\/\\\/www.renzi.it\\\/wp-content\\\/uploads\\\/2021\\\/07\\\/logo.svg\",\"width\":425,\"height\":130,\"caption\":\"Renzi Autotrasporti\"},\"image\":{\"@id\":\"https:\\\/\\\/www.renzi.it\\\/fr\\\/#\\\/schema\\\/logo\\\/image\\\/\"}}]}<\/script>\n<!-- \/ Yoast SEO plugin. -->","yoast_head_json":{"title":"Privacy | Renzi Autotrasporti","robots":{"index":"index","follow":"follow","max-snippet":"max-snippet:-1","max-image-preview":"max-image-preview:large","max-video-preview":"max-video-preview:-1"},"canonical":"https:\/\/www.renzi.it\/it\/privacy\/","og_locale":"it_IT","og_type":"article","og_title":"Privacy | Renzi Autotrasporti","og_description":"Privacy Policy e Cookies (Ai sensi dell&#8217;articolo 13 e 14 del regolamento Europeo N. 679\/16) \u00a0 Il sito di Autotrasporti Fratelli Renzi s.n.c., fin dalla sua progettazione, intende garantire il rispetto dei principi sanciti Autotrasporti Fratelli Renzi s.n.c. dal Regolamento UE n. 2016\/679 relativo alla protezione delle persone fisiche con particolare riguardo al Trattamento dei [&hellip;]","og_url":"https:\/\/www.renzi.it\/it\/privacy\/","og_site_name":"Renzi Autotrasporti","article_modified_time":"2021-10-14T14:41:17+00:00","og_image":[{"url":"https:\/\/www.renzi.it\/wp-content\/uploads\/2021\/07\/contatti-banner.jpg","type":"","width":"","height":""}],"twitter_card":"summary_large_image","twitter_misc":{"Tempo di lettura stimato":"7 minuti"},"schema":{"@context":"https:\/\/schema.org","@graph":[{"@type":"WebPage","@id":"https:\/\/www.renzi.it\/it\/privacy\/","url":"https:\/\/www.renzi.it\/it\/privacy\/","name":"Privacy | Renzi Autotrasporti","isPartOf":{"@id":"https:\/\/www.renzi.it\/fr\/#website"},"primaryImageOfPage":{"@id":"https:\/\/www.renzi.it\/it\/privacy\/#primaryimage"},"image":{"@id":"https:\/\/www.renzi.it\/it\/privacy\/#primaryimage"},"thumbnailUrl":"https:\/\/www.renzi.it\/wp-content\/uploads\/2021\/07\/contatti-banner.jpg","datePublished":"2021-10-11T13:52:25+00:00","dateModified":"2021-10-14T14:41:17+00:00","breadcrumb":{"@id":"https:\/\/www.renzi.it\/it\/privacy\/#breadcrumb"},"inLanguage":"it-IT","potentialAction":[{"@type":"ReadAction","target":["https:\/\/www.renzi.it\/it\/privacy\/"]}]},{"@type":"ImageObject","inLanguage":"it-IT","@id":"https:\/\/www.renzi.it\/it\/privacy\/#primaryimage","url":"https:\/\/www.renzi.it\/wp-content\/uploads\/2021\/07\/contatti-banner.jpg","contentUrl":"https:\/\/www.renzi.it\/wp-content\/uploads\/2021\/07\/contatti-banner.jpg"},{"@type":"BreadcrumbList","@id":"https:\/\/www.renzi.it\/it\/privacy\/#breadcrumb","itemListElement":[{"@type":"ListItem","position":1,"name":"Home","item":"https:\/\/www.renzi.it\/it\/"},{"@type":"ListItem","position":2,"name":"Privacy"}]},{"@type":"WebSite","@id":"https:\/\/www.renzi.it\/fr\/#website","url":"https:\/\/www.renzi.it\/fr\/","name":"Renzi Autotrasporti","description":"Trasporto e Logistica a Vicenza","publisher":{"@id":"https:\/\/www.renzi.it\/fr\/#organization"},"potentialAction":[{"@type":"SearchAction","target":{"@type":"EntryPoint","urlTemplate":"https:\/\/www.renzi.it\/fr\/?s={search_term_string}"},"query-input":{"@type":"PropertyValueSpecification","valueRequired":true,"valueName":"search_term_string"}}],"inLanguage":"it-IT"},{"@type":"Organization","@id":"https:\/\/www.renzi.it\/fr\/#organization","name":"Renzi Autotrasporti","url":"https:\/\/www.renzi.it\/fr\/","logo":{"@type":"ImageObject","inLanguage":"it-IT","@id":"https:\/\/www.renzi.it\/fr\/#\/schema\/logo\/image\/","url":"https:\/\/www.renzi.it\/wp-content\/uploads\/2021\/07\/logo.svg","contentUrl":"https:\/\/www.renzi.it\/wp-content\/uploads\/2021\/07\/logo.svg","width":425,"height":130,"caption":"Renzi Autotrasporti"},"image":{"@id":"https:\/\/www.renzi.it\/fr\/#\/schema\/logo\/image\/"}}]}},"_links":{"self":[{"href":"https:\/\/www.renzi.it\/it\/wp-json\/wp\/v2\/pages\/2075","targetHints":{"allow":["GET"]}}],"collection":[{"href":"https:\/\/www.renzi.it\/it\/wp-json\/wp\/v2\/pages"}],"about":[{"href":"https:\/\/www.renzi.it\/it\/wp-json\/wp\/v2\/types\/page"}],"author":[{"embeddable":true,"href":"https:\/\/www.renzi.it\/it\/wp-json\/wp\/v2\/users\/2"}],"replies":[{"embeddable":true,"href":"https:\/\/www.renzi.it\/it\/wp-json\/wp\/v2\/comments?post=2075"}],"version-history":[{"count":28,"href":"https:\/\/www.renzi.it\/it\/wp-json\/wp\/v2\/pages\/2075\/revisions"}],"predecessor-version":[{"id":2895,"href":"https:\/\/www.renzi.it\/it\/wp-json\/wp\/v2\/pages\/2075\/revisions\/2895"}],"wp:attachment":[{"href":"https:\/\/www.renzi.it\/it\/wp-json\/wp\/v2\/media?parent=2075"}],"curies":[{"name":"wp","href":"https:\/\/api.w.org\/{rel}","templated":true}]}}